{"id":1402,"date":"2023-04-02T09:58:13","date_gmt":"2023-04-02T09:58:13","guid":{"rendered":"https:\/\/plaatjemetlogo.nl\/product\/hettich-arcitech-avec-logo-casquettes\/"},"modified":"2026-02-05T12:03:28","modified_gmt":"2026-02-05T11:03:28","slug":"hettich-arcitech-avec-logo-casquettes","status":"publish","type":"product","link":"https:\/\/plaatjemetlogo.nl\/fr\/product\/hettich-arcitech-avec-logo-casquettes\/","title":{"rendered":"Hettich ArciTech avec logo + casquettes"},"content":{"rendered":"<p>Les couvercles ArciTech la de Hettich sont disponibles s\u00e9par\u00e9ment. Ils peuvent ainsi \u00eatre pourvus d&rsquo;un logo ou d&rsquo;un texte. Le logo ou le texte est grav\u00e9 \u00e0 chaud dans le mat\u00e9riau. Contrairement \u00e0 l&rsquo;impression, l&rsquo;impression est beaucoup plus serr\u00e9e, plus belle et plus luxueuse. M\u00eame s&rsquo;il est ray\u00e9, le logo reste en place.<\/p>\n<p>Outre ArciTech, cela est \u00e9galement possible pour les profils Design de Hettich. Renseignez-vous sur les possibilit\u00e9s.<\/p>\n<p>Le logo sera toujours d&rsquo;une couleur standard. Il s&rsquo;agit de la couleur du mat\u00e9riau sous-jacent.<br \/>\nChaque mat\u00e9riau ayant ses propres propri\u00e9t\u00e9s, il est possible qu&rsquo;il y ait de l\u00e9g\u00e8res diff\u00e9rences de couleur entre les logos.<\/p>\n<p>Vous avez des doutes ? Contactez-nous pour commander.<\/p>\n<p>Vous avez besoin d&rsquo;un tirage plus important ? Renseignez-vous sur les possibilit\u00e9s.<\/p>\n","protected":false},"excerpt":{"rendered":"<p><strong>Avec ce produit, vous achetez le logo + les couvertures.<\/strong><br \/>\nPour plus d&rsquo;informations, contactez-nous via Whatsapp ou par mail.<\/p>\n<p>La commande minimum de ce produit est de <strong>500<\/strong> pi\u00e8ces.<\/p>\n<p>Si vous souhaitez commander plus de <strong>1000<\/strong> pi\u00e8ces, contactez <a href=\"mailto:info@plaatjemetlogo.nl\">info@plaatjemetlogo.nl<\/a> ou via <a href=\"https:\/\/plaatjemetlogo.nl\/fr\/contact\/\">contact<\/a>.<\/p>\n","protected":false},"featured_media":1187,"template":"","meta":{"_acf_changed":false},"product_brand":[],"product_cat":[65],"product_tag":[],"class_list":{"0":"post-1402","1":"product","2":"type-product","3":"status-publish","4":"has-post-thumbnail","6":"product_cat-hettich-fr","7":"entry","8":"has-media","10":"first","11":"instock","12":"taxable","13":"shipping-taxable","14":"purchasable","15":"product-type-variable"},"acf":[],"yoast_head":"<!-- This site is optimized with the Yoast SEO plugin v27.3 - https:\/\/yoast.com\/product\/yoast-seo-wordpress\/ -->\n<title>Hettich ArciTech avec logo + casquettes - PlaatjemetLogo.nl<\/title>\n<meta name=\"robots\" content=\"index, follow, max-snippet:-1, max-image-preview:large, max-video-preview:-1\" \/>\n<link rel=\"canonical\" href=\"https:\/\/plaatjemetlogo.nl\/fr\/product\/hettich-arcitech-avec-logo-casquettes\/\" \/>\n<meta property=\"og:locale\" content=\"fr_FR\" \/>\n<meta property=\"og:type\" content=\"article\" \/>\n<meta property=\"og:title\" content=\"Hettich ArciTech avec logo + casquettes - PlaatjemetLogo.nl\" \/>\n<meta property=\"og:description\" content=\"Avec ce produit, vous achetez le logo + les couvertures. Pour plus d&#039;informations, contactez-nous via Whatsapp ou par mail.  La commande minimum de ce produit est de 500 pi\u00e8ces.  Si vous souhaitez commander plus de 1000 pi\u00e8ces, contactez info@plaatjemetlogo.nl ou via contact.\" \/>\n<meta property=\"og:url\" content=\"https:\/\/plaatjemetlogo.nl\/fr\/product\/hettich-arcitech-avec-logo-casquettes\/\" \/>\n<meta property=\"og:site_name\" content=\"PlaatjemetLogo.nl\" \/>\n<meta property=\"article:modified_time\" content=\"2026-02-05T11:03:28+00:00\" \/>\n<meta property=\"og:image\" content=\"https:\/\/plaatjemetlogo.nl\/wp-content\/uploads\/2021\/04\/IMG_1825.jpg\" \/>\n\t<meta property=\"og:image:width\" content=\"640\" \/>\n\t<meta property=\"og:image:height\" content=\"640\" \/>\n\t<meta property=\"og:image:type\" content=\"image\/jpeg\" \/>\n<meta name=\"twitter:card\" content=\"summary_large_image\" \/>\n<meta name=\"twitter:label1\" content=\"Dur\u00e9e de lecture estim\u00e9e\" \/>\n\t<meta name=\"twitter:data1\" content=\"1 minute\" \/>\n<script type=\"application\/ld+json\" class=\"yoast-schema-graph\">{\"@context\":\"https:\\\/\\\/schema.org\",\"@graph\":[{\"@type\":\"WebPage\",\"@id\":\"https:\\\/\\\/plaatjemetlogo.nl\\\/fr\\\/product\\\/hettich-arcitech-avec-logo-casquettes\\\/\",\"url\":\"https:\\\/\\\/plaatjemetlogo.nl\\\/fr\\\/product\\\/hettich-arcitech-avec-logo-casquettes\\\/\",\"name\":\"Hettich ArciTech avec logo + casquettes - PlaatjemetLogo.nl\",\"isPartOf\":{\"@id\":\"https:\\\/\\\/plaatjemetlogo.nl\\\/fr\\\/#website\"},\"primaryImageOfPage\":{\"@id\":\"https:\\\/\\\/plaatjemetlogo.nl\\\/fr\\\/product\\\/hettich-arcitech-avec-logo-casquettes\\\/#primaryimage\"},\"image\":{\"@id\":\"https:\\\/\\\/plaatjemetlogo.nl\\\/fr\\\/product\\\/hettich-arcitech-avec-logo-casquettes\\\/#primaryimage\"},\"thumbnailUrl\":\"https:\\\/\\\/plaatjemetlogo.nl\\\/wp-content\\\/uploads\\\/2021\\\/04\\\/IMG_1825.jpg\",\"datePublished\":\"2023-04-02T09:58:13+00:00\",\"dateModified\":\"2026-02-05T11:03:28+00:00\",\"breadcrumb\":{\"@id\":\"https:\\\/\\\/plaatjemetlogo.nl\\\/fr\\\/product\\\/hettich-arcitech-avec-logo-casquettes\\\/#breadcrumb\"},\"inLanguage\":\"fr-FR\",\"potentialAction\":[{\"@type\":\"ReadAction\",\"target\":[\"https:\\\/\\\/plaatjemetlogo.nl\\\/fr\\\/product\\\/hettich-arcitech-avec-logo-casquettes\\\/\"]}]},{\"@type\":\"ImageObject\",\"inLanguage\":\"fr-FR\",\"@id\":\"https:\\\/\\\/plaatjemetlogo.nl\\\/fr\\\/product\\\/hettich-arcitech-avec-logo-casquettes\\\/#primaryimage\",\"url\":\"https:\\\/\\\/plaatjemetlogo.nl\\\/wp-content\\\/uploads\\\/2021\\\/04\\\/IMG_1825.jpg\",\"contentUrl\":\"https:\\\/\\\/plaatjemetlogo.nl\\\/wp-content\\\/uploads\\\/2021\\\/04\\\/IMG_1825.jpg\",\"width\":640,\"height\":640},{\"@type\":\"BreadcrumbList\",\"@id\":\"https:\\\/\\\/plaatjemetlogo.nl\\\/fr\\\/product\\\/hettich-arcitech-avec-logo-casquettes\\\/#breadcrumb\",\"itemListElement\":[{\"@type\":\"ListItem\",\"position\":1,\"name\":\"Accueil\",\"item\":\"https:\\\/\\\/plaatjemetlogo.nl\\\/fr\\\/\"},{\"@type\":\"ListItem\",\"position\":2,\"name\":\"Boutique\",\"item\":\"https:\\\/\\\/plaatjemetlogo.nl\\\/fr\\\/boutique\\\/\"},{\"@type\":\"ListItem\",\"position\":3,\"name\":\"Hettich ArciTech avec logo + casquettes\"}]},{\"@type\":\"WebSite\",\"@id\":\"https:\\\/\\\/plaatjemetlogo.nl\\\/fr\\\/#website\",\"url\":\"https:\\\/\\\/plaatjemetlogo.nl\\\/fr\\\/\",\"name\":\"PlaatjemetLogo.nl\",\"description\":\"En nog een WordPress site\",\"potentialAction\":[{\"@type\":\"SearchAction\",\"target\":{\"@type\":\"EntryPoint\",\"urlTemplate\":\"https:\\\/\\\/plaatjemetlogo.nl\\\/fr\\\/?s={search_term_string}\"},\"query-input\":{\"@type\":\"PropertyValueSpecification\",\"valueRequired\":true,\"valueName\":\"search_term_string\"}}],\"inLanguage\":\"fr-FR\"}]}<\/script>\n<!-- \/ Yoast SEO plugin. -->","yoast_head_json":{"title":"Hettich ArciTech avec logo + casquettes - PlaatjemetLogo.nl","robots":{"index":"index","follow":"follow","max-snippet":"max-snippet:-1","max-image-preview":"max-image-preview:large","max-video-preview":"max-video-preview:-1"},"canonical":"https:\/\/plaatjemetlogo.nl\/fr\/product\/hettich-arcitech-avec-logo-casquettes\/","og_locale":"fr_FR","og_type":"article","og_title":"Hettich ArciTech avec logo + casquettes - PlaatjemetLogo.nl","og_description":"Avec ce produit, vous achetez le logo + les couvertures. Pour plus d'informations, contactez-nous via Whatsapp ou par mail.  La commande minimum de ce produit est de 500 pi\u00e8ces.  Si vous souhaitez commander plus de 1000 pi\u00e8ces, contactez info@plaatjemetlogo.nl ou via contact.","og_url":"https:\/\/plaatjemetlogo.nl\/fr\/product\/hettich-arcitech-avec-logo-casquettes\/","og_site_name":"PlaatjemetLogo.nl","article_modified_time":"2026-02-05T11:03:28+00:00","og_image":[{"width":640,"height":640,"url":"https:\/\/plaatjemetlogo.nl\/wp-content\/uploads\/2021\/04\/IMG_1825.jpg","type":"image\/jpeg"}],"twitter_card":"summary_large_image","twitter_misc":{"Dur\u00e9e de lecture estim\u00e9e":"1 minute"},"schema":{"@context":"https:\/\/schema.org","@graph":[{"@type":"WebPage","@id":"https:\/\/plaatjemetlogo.nl\/fr\/product\/hettich-arcitech-avec-logo-casquettes\/","url":"https:\/\/plaatjemetlogo.nl\/fr\/product\/hettich-arcitech-avec-logo-casquettes\/","name":"Hettich ArciTech avec logo + casquettes - PlaatjemetLogo.nl","isPartOf":{"@id":"https:\/\/plaatjemetlogo.nl\/fr\/#website"},"primaryImageOfPage":{"@id":"https:\/\/plaatjemetlogo.nl\/fr\/product\/hettich-arcitech-avec-logo-casquettes\/#primaryimage"},"image":{"@id":"https:\/\/plaatjemetlogo.nl\/fr\/product\/hettich-arcitech-avec-logo-casquettes\/#primaryimage"},"thumbnailUrl":"https:\/\/plaatjemetlogo.nl\/wp-content\/uploads\/2021\/04\/IMG_1825.jpg","datePublished":"2023-04-02T09:58:13+00:00","dateModified":"2026-02-05T11:03:28+00:00","breadcrumb":{"@id":"https:\/\/plaatjemetlogo.nl\/fr\/product\/hettich-arcitech-avec-logo-casquettes\/#breadcrumb"},"inLanguage":"fr-FR","potentialAction":[{"@type":"ReadAction","target":["https:\/\/plaatjemetlogo.nl\/fr\/product\/hettich-arcitech-avec-logo-casquettes\/"]}]},{"@type":"ImageObject","inLanguage":"fr-FR","@id":"https:\/\/plaatjemetlogo.nl\/fr\/product\/hettich-arcitech-avec-logo-casquettes\/#primaryimage","url":"https:\/\/plaatjemetlogo.nl\/wp-content\/uploads\/2021\/04\/IMG_1825.jpg","contentUrl":"https:\/\/plaatjemetlogo.nl\/wp-content\/uploads\/2021\/04\/IMG_1825.jpg","width":640,"height":640},{"@type":"BreadcrumbList","@id":"https:\/\/plaatjemetlogo.nl\/fr\/product\/hettich-arcitech-avec-logo-casquettes\/#breadcrumb","itemListElement":[{"@type":"ListItem","position":1,"name":"Accueil","item":"https:\/\/plaatjemetlogo.nl\/fr\/"},{"@type":"ListItem","position":2,"name":"Boutique","item":"https:\/\/plaatjemetlogo.nl\/fr\/boutique\/"},{"@type":"ListItem","position":3,"name":"Hettich ArciTech avec logo + casquettes"}]},{"@type":"WebSite","@id":"https:\/\/plaatjemetlogo.nl\/fr\/#website","url":"https:\/\/plaatjemetlogo.nl\/fr\/","name":"PlaatjemetLogo.nl","description":"En nog een WordPress site","potentialAction":[{"@type":"SearchAction","target":{"@type":"EntryPoint","urlTemplate":"https:\/\/plaatjemetlogo.nl\/fr\/?s={search_term_string}"},"query-input":{"@type":"PropertyValueSpecification","valueRequired":true,"valueName":"search_term_string"}}],"inLanguage":"fr-FR"}]}},"_links":{"self":[{"href":"https:\/\/plaatjemetlogo.nl\/fr\/wp-json\/wp\/v2\/product\/1402","targetHints":{"allow":["GET"]}}],"collection":[{"href":"https:\/\/plaatjemetlogo.nl\/fr\/wp-json\/wp\/v2\/product"}],"about":[{"href":"https:\/\/plaatjemetlogo.nl\/fr\/wp-json\/wp\/v2\/types\/product"}],"wp:featuredmedia":[{"embeddable":true,"href":"https:\/\/plaatjemetlogo.nl\/fr\/wp-json\/wp\/v2\/media\/1187"}],"wp:attachment":[{"href":"https:\/\/plaatjemetlogo.nl\/fr\/wp-json\/wp\/v2\/media?parent=1402"}],"wp:term":[{"taxonomy":"product_brand","embeddable":true,"href":"https:\/\/plaatjemetlogo.nl\/fr\/wp-json\/wp\/v2\/product_brand?post=1402"},{"taxonomy":"product_cat","embeddable":true,"href":"https:\/\/plaatjemetlogo.nl\/fr\/wp-json\/wp\/v2\/product_cat?post=1402"},{"taxonomy":"product_tag","embeddable":true,"href":"https:\/\/plaatjemetlogo.nl\/fr\/wp-json\/wp\/v2\/product_tag?post=1402"}],"curies":[{"name":"wp","href":"https:\/\/api.w.org\/{rel}","templated":true}]}}