{"id":1340,"date":"2021-04-21T15:39:51","date_gmt":"2021-04-21T13:39:51","guid":{"rendered":"https:\/\/plaatjemetlogo.nl\/product\/ouvre-bouteille-petit\/"},"modified":"2025-03-21T13:51:49","modified_gmt":"2025-03-21T12:51:49","slug":"ouvre-bouteille-petit","status":"publish","type":"product","link":"https:\/\/plaatjemetlogo.nl\/fr\/product\/ouvre-bouteille-petit\/","title":{"rendered":"Ouvre-bouteille petit"},"content":{"rendered":"<p>Cette tireuse \u00e0 bi\u00e8re de poche en acier inoxydable mesure 88 x 32 mm. Une version plus grande est \u00e9galement disponible avec des dimensions de 88 x 40 mm. Le texte ou le logo sera grav\u00e9 au laser dans le mat\u00e9riau et le mat\u00e9riau sera enlev\u00e9. Le logo sera imprim\u00e9 au feutre dans le mat\u00e9riau.<\/p>\n<p>Le logo sera toujours d&rsquo;une couleur standard. Il s&rsquo;agit de la couleur du mat\u00e9riau sous-jacent.<br \/>\nChaque mat\u00e9riau ayant ses propres propri\u00e9t\u00e9s, il est possible qu&rsquo;il y ait de l\u00e9g\u00e8res diff\u00e9rences de couleur entre les logos.<\/p>\n<p>Vous avez des doutes ? Contactez-nous pour commander.<\/p>\n","protected":false},"excerpt":{"rendered":"<p>Cette tireuse \u00e0 bi\u00e8re de poche en acier inoxydable mesure 88 x 32 mm. Une version plus grande est \u00e9galement disponible avec des dimensions de 88 x 40 mm. Le texte ou le logo sera grav\u00e9 au laser dans le mat\u00e9riau et le mat\u00e9riau sera enlev\u00e9. Le logo sera imprim\u00e9 au feutre dans le mat\u00e9riau.&hellip;<\/p>\n","protected":false},"featured_media":1082,"template":"","meta":{"_acf_changed":false},"product_brand":[],"product_cat":[62],"product_tag":[],"class_list":{"0":"post-1340","1":"product","2":"type-product","3":"status-publish","4":"has-post-thumbnail","6":"product_cat-ouvre-bouteille","7":"entry","8":"has-media","10":"first","11":"instock","12":"taxable","13":"shipping-taxable","14":"purchasable","15":"product-type-variable"},"acf":[],"yoast_head":"<!-- This site is optimized with the Yoast SEO plugin v27.3 - https:\/\/yoast.com\/product\/yoast-seo-wordpress\/ -->\n<title>Ouvre-bouteille petit - PlaatjemetLogo.nl<\/title>\n<meta name=\"robots\" content=\"index, follow, max-snippet:-1, max-image-preview:large, max-video-preview:-1\" \/>\n<link rel=\"canonical\" href=\"https:\/\/plaatjemetlogo.nl\/fr\/product\/ouvre-bouteille-petit\/\" \/>\n<meta property=\"og:locale\" content=\"fr_FR\" \/>\n<meta property=\"og:type\" content=\"article\" \/>\n<meta property=\"og:title\" content=\"Ouvre-bouteille petit - PlaatjemetLogo.nl\" \/>\n<meta property=\"og:description\" content=\"Cette tireuse \u00e0 bi\u00e8re de poche en acier inoxydable mesure 88 x 32 mm. Une version plus grande est \u00e9galement disponible avec des dimensions de 88 x 40 mm. Le texte ou le logo sera grav\u00e9 au laser dans le mat\u00e9riau et le mat\u00e9riau sera enlev\u00e9. Le logo sera imprim\u00e9 au feutre dans le mat\u00e9riau.&hellip;\" \/>\n<meta property=\"og:url\" content=\"https:\/\/plaatjemetlogo.nl\/fr\/product\/ouvre-bouteille-petit\/\" \/>\n<meta property=\"og:site_name\" content=\"PlaatjemetLogo.nl\" \/>\n<meta property=\"article:modified_time\" content=\"2025-03-21T12:51:49+00:00\" \/>\n<meta property=\"og:image\" content=\"https:\/\/plaatjemetlogo.nl\/wp-content\/uploads\/2021\/04\/bieropener-klein-.jpg\" \/>\n\t<meta property=\"og:image:width\" content=\"640\" \/>\n\t<meta property=\"og:image:height\" content=\"640\" \/>\n\t<meta property=\"og:image:type\" content=\"image\/jpeg\" \/>\n<meta name=\"twitter:card\" content=\"summary_large_image\" \/>\n<meta name=\"twitter:label1\" content=\"Dur\u00e9e de lecture estim\u00e9e\" \/>\n\t<meta name=\"twitter:data1\" content=\"1 minute\" \/>\n<script type=\"application\/ld+json\" class=\"yoast-schema-graph\">{\"@context\":\"https:\\\/\\\/schema.org\",\"@graph\":[{\"@type\":\"WebPage\",\"@id\":\"https:\\\/\\\/plaatjemetlogo.nl\\\/fr\\\/product\\\/ouvre-bouteille-petit\\\/\",\"url\":\"https:\\\/\\\/plaatjemetlogo.nl\\\/fr\\\/product\\\/ouvre-bouteille-petit\\\/\",\"name\":\"Ouvre-bouteille petit - PlaatjemetLogo.nl\",\"isPartOf\":{\"@id\":\"https:\\\/\\\/plaatjemetlogo.nl\\\/fr\\\/#website\"},\"primaryImageOfPage\":{\"@id\":\"https:\\\/\\\/plaatjemetlogo.nl\\\/fr\\\/product\\\/ouvre-bouteille-petit\\\/#primaryimage\"},\"image\":{\"@id\":\"https:\\\/\\\/plaatjemetlogo.nl\\\/fr\\\/product\\\/ouvre-bouteille-petit\\\/#primaryimage\"},\"thumbnailUrl\":\"https:\\\/\\\/plaatjemetlogo.nl\\\/wp-content\\\/uploads\\\/2021\\\/04\\\/bieropener-klein-.jpg\",\"datePublished\":\"2021-04-21T13:39:51+00:00\",\"dateModified\":\"2025-03-21T12:51:49+00:00\",\"breadcrumb\":{\"@id\":\"https:\\\/\\\/plaatjemetlogo.nl\\\/fr\\\/product\\\/ouvre-bouteille-petit\\\/#breadcrumb\"},\"inLanguage\":\"fr-FR\",\"potentialAction\":[{\"@type\":\"ReadAction\",\"target\":[\"https:\\\/\\\/plaatjemetlogo.nl\\\/fr\\\/product\\\/ouvre-bouteille-petit\\\/\"]}]},{\"@type\":\"ImageObject\",\"inLanguage\":\"fr-FR\",\"@id\":\"https:\\\/\\\/plaatjemetlogo.nl\\\/fr\\\/product\\\/ouvre-bouteille-petit\\\/#primaryimage\",\"url\":\"https:\\\/\\\/plaatjemetlogo.nl\\\/wp-content\\\/uploads\\\/2021\\\/04\\\/bieropener-klein-.jpg\",\"contentUrl\":\"https:\\\/\\\/plaatjemetlogo.nl\\\/wp-content\\\/uploads\\\/2021\\\/04\\\/bieropener-klein-.jpg\",\"width\":640,\"height\":640},{\"@type\":\"BreadcrumbList\",\"@id\":\"https:\\\/\\\/plaatjemetlogo.nl\\\/fr\\\/product\\\/ouvre-bouteille-petit\\\/#breadcrumb\",\"itemListElement\":[{\"@type\":\"ListItem\",\"position\":1,\"name\":\"Accueil\",\"item\":\"https:\\\/\\\/plaatjemetlogo.nl\\\/fr\\\/\"},{\"@type\":\"ListItem\",\"position\":2,\"name\":\"Boutique\",\"item\":\"https:\\\/\\\/plaatjemetlogo.nl\\\/fr\\\/boutique\\\/\"},{\"@type\":\"ListItem\",\"position\":3,\"name\":\"Ouvre-bouteille petit\"}]},{\"@type\":\"WebSite\",\"@id\":\"https:\\\/\\\/plaatjemetlogo.nl\\\/fr\\\/#website\",\"url\":\"https:\\\/\\\/plaatjemetlogo.nl\\\/fr\\\/\",\"name\":\"PlaatjemetLogo.nl\",\"description\":\"En nog een WordPress site\",\"potentialAction\":[{\"@type\":\"SearchAction\",\"target\":{\"@type\":\"EntryPoint\",\"urlTemplate\":\"https:\\\/\\\/plaatjemetlogo.nl\\\/fr\\\/?s={search_term_string}\"},\"query-input\":{\"@type\":\"PropertyValueSpecification\",\"valueRequired\":true,\"valueName\":\"search_term_string\"}}],\"inLanguage\":\"fr-FR\"}]}<\/script>\n<!-- \/ Yoast SEO plugin. -->","yoast_head_json":{"title":"Ouvre-bouteille petit - PlaatjemetLogo.nl","robots":{"index":"index","follow":"follow","max-snippet":"max-snippet:-1","max-image-preview":"max-image-preview:large","max-video-preview":"max-video-preview:-1"},"canonical":"https:\/\/plaatjemetlogo.nl\/fr\/product\/ouvre-bouteille-petit\/","og_locale":"fr_FR","og_type":"article","og_title":"Ouvre-bouteille petit - PlaatjemetLogo.nl","og_description":"Cette tireuse \u00e0 bi\u00e8re de poche en acier inoxydable mesure 88 x 32 mm. Une version plus grande est \u00e9galement disponible avec des dimensions de 88 x 40 mm. Le texte ou le logo sera grav\u00e9 au laser dans le mat\u00e9riau et le mat\u00e9riau sera enlev\u00e9. Le logo sera imprim\u00e9 au feutre dans le mat\u00e9riau.&hellip;","og_url":"https:\/\/plaatjemetlogo.nl\/fr\/product\/ouvre-bouteille-petit\/","og_site_name":"PlaatjemetLogo.nl","article_modified_time":"2025-03-21T12:51:49+00:00","og_image":[{"width":640,"height":640,"url":"https:\/\/plaatjemetlogo.nl\/wp-content\/uploads\/2021\/04\/bieropener-klein-.jpg","type":"image\/jpeg"}],"twitter_card":"summary_large_image","twitter_misc":{"Dur\u00e9e de lecture estim\u00e9e":"1 minute"},"schema":{"@context":"https:\/\/schema.org","@graph":[{"@type":"WebPage","@id":"https:\/\/plaatjemetlogo.nl\/fr\/product\/ouvre-bouteille-petit\/","url":"https:\/\/plaatjemetlogo.nl\/fr\/product\/ouvre-bouteille-petit\/","name":"Ouvre-bouteille petit - PlaatjemetLogo.nl","isPartOf":{"@id":"https:\/\/plaatjemetlogo.nl\/fr\/#website"},"primaryImageOfPage":{"@id":"https:\/\/plaatjemetlogo.nl\/fr\/product\/ouvre-bouteille-petit\/#primaryimage"},"image":{"@id":"https:\/\/plaatjemetlogo.nl\/fr\/product\/ouvre-bouteille-petit\/#primaryimage"},"thumbnailUrl":"https:\/\/plaatjemetlogo.nl\/wp-content\/uploads\/2021\/04\/bieropener-klein-.jpg","datePublished":"2021-04-21T13:39:51+00:00","dateModified":"2025-03-21T12:51:49+00:00","breadcrumb":{"@id":"https:\/\/plaatjemetlogo.nl\/fr\/product\/ouvre-bouteille-petit\/#breadcrumb"},"inLanguage":"fr-FR","potentialAction":[{"@type":"ReadAction","target":["https:\/\/plaatjemetlogo.nl\/fr\/product\/ouvre-bouteille-petit\/"]}]},{"@type":"ImageObject","inLanguage":"fr-FR","@id":"https:\/\/plaatjemetlogo.nl\/fr\/product\/ouvre-bouteille-petit\/#primaryimage","url":"https:\/\/plaatjemetlogo.nl\/wp-content\/uploads\/2021\/04\/bieropener-klein-.jpg","contentUrl":"https:\/\/plaatjemetlogo.nl\/wp-content\/uploads\/2021\/04\/bieropener-klein-.jpg","width":640,"height":640},{"@type":"BreadcrumbList","@id":"https:\/\/plaatjemetlogo.nl\/fr\/product\/ouvre-bouteille-petit\/#breadcrumb","itemListElement":[{"@type":"ListItem","position":1,"name":"Accueil","item":"https:\/\/plaatjemetlogo.nl\/fr\/"},{"@type":"ListItem","position":2,"name":"Boutique","item":"https:\/\/plaatjemetlogo.nl\/fr\/boutique\/"},{"@type":"ListItem","position":3,"name":"Ouvre-bouteille petit"}]},{"@type":"WebSite","@id":"https:\/\/plaatjemetlogo.nl\/fr\/#website","url":"https:\/\/plaatjemetlogo.nl\/fr\/","name":"PlaatjemetLogo.nl","description":"En nog een WordPress site","potentialAction":[{"@type":"SearchAction","target":{"@type":"EntryPoint","urlTemplate":"https:\/\/plaatjemetlogo.nl\/fr\/?s={search_term_string}"},"query-input":{"@type":"PropertyValueSpecification","valueRequired":true,"valueName":"search_term_string"}}],"inLanguage":"fr-FR"}]}},"_links":{"self":[{"href":"https:\/\/plaatjemetlogo.nl\/fr\/wp-json\/wp\/v2\/product\/1340","targetHints":{"allow":["GET"]}}],"collection":[{"href":"https:\/\/plaatjemetlogo.nl\/fr\/wp-json\/wp\/v2\/product"}],"about":[{"href":"https:\/\/plaatjemetlogo.nl\/fr\/wp-json\/wp\/v2\/types\/product"}],"wp:featuredmedia":[{"embeddable":true,"href":"https:\/\/plaatjemetlogo.nl\/fr\/wp-json\/wp\/v2\/media\/1082"}],"wp:attachment":[{"href":"https:\/\/plaatjemetlogo.nl\/fr\/wp-json\/wp\/v2\/media?parent=1340"}],"wp:term":[{"taxonomy":"product_brand","embeddable":true,"href":"https:\/\/plaatjemetlogo.nl\/fr\/wp-json\/wp\/v2\/product_brand?post=1340"},{"taxonomy":"product_cat","embeddable":true,"href":"https:\/\/plaatjemetlogo.nl\/fr\/wp-json\/wp\/v2\/product_cat?post=1340"},{"taxonomy":"product_tag","embeddable":true,"href":"https:\/\/plaatjemetlogo.nl\/fr\/wp-json\/wp\/v2\/product_tag?post=1340"}],"curies":[{"name":"wp","href":"https:\/\/api.w.org\/{rel}","templated":true}]}}