{"id":1317,"date":"2021-04-11T10:21:03","date_gmt":"2021-04-11T10:21:03","guid":{"rendered":"https:\/\/plaatjemetlogo.nl\/product\/hettich-sensys\/"},"modified":"2026-02-05T12:43:56","modified_gmt":"2026-02-05T11:43:56","slug":"hettich-sensys","status":"publish","type":"product","link":"https:\/\/plaatjemetlogo.nl\/fr\/product\/hettich-sensys\/","title":{"rendered":"Hettich Sensys"},"content":{"rendered":"<p>Pour les charni\u00e8res Hettich Sensys, des caches en vrac sont disponibles en noir et en nickel. Ils peuvent \u00eatre pourvus d&rsquo;un logo ou d&rsquo;un texte. Le texte ou le logo \u00e9tant grav\u00e9 au laser, la mati\u00e8re est enlev\u00e9e. Contrairement \u00e0 l&rsquo;impression, il reste visible m\u00eame s&rsquo;il est ray\u00e9. Avec les bouchons nickel\u00e9s, vous obtenez une couleur marron\/gris. Dans le cas des capsules noires, cette couleur devient la couleur argent\u00e9e sous-jacente d&rsquo;origine.<\/p>\n<p>Le logo sera toujours d&rsquo;une couleur standard. Il s&rsquo;agit de la couleur du mat\u00e9riau sous-jacent.<br \/>\nChaque mat\u00e9riau ayant ses propres propri\u00e9t\u00e9s, il est possible qu&rsquo;il y ait de l\u00e9g\u00e8res diff\u00e9rences de couleur entre les logos.<\/p>\n<p>Vous avez des doutes ? Contactez-nous pour commander.<\/p>\n<p>Ce produit vous permet d&rsquo;envoyer ou de livrer vos propres casquettes \u00e0 Plaatjemetlogo.nl. Vous ne payez que le logo et non les casquettes. Ce produit est \u00e9galement disponible en plus grandes quantit\u00e9s. Renseignez-vous sur les possibilit\u00e9s.<\/p>\n","protected":false},"excerpt":{"rendered":"<p><strong>Avec ce produit, vous n&rsquo;achetez que le logo \u00e0 apposer sur les capuchons.<\/strong><br \/>\nLes capuchons achet\u00e9s par vos soins peuvent \u00eatre envoy\u00e9s \u00e0 notre adresse postale, apr\u00e8s quoi le logo y sera appos\u00e9.<br \/>\nPour plus d&rsquo;informations, contactez-nous par Whatsapp ou par courrier.<\/p>\n<p>La commande minimale pour ce produit est de <strong>100<\/strong> pi\u00e8ces.<\/p>\n<p>Si vous souhaitez commander plus de <strong>1000<\/strong> pi\u00e8ces, veuillez contacter <a href=\"mailto:info@plaatjemetlogo.nl\">info@plaatjemetlogo.nl<\/a> ou via <a href=\"https:\/\/plaatjemetlogo.nl\/fr\/contact\/\">contact.<\/a><\/p>\n<p>Souhaitez-vous que nous nous occupions \u00e9galement des bouchons ? C&rsquo;est possible \u00e0 partir de 500 pi\u00e8ces, contactez-nous pour cela aussi !<\/p>\n","protected":false},"featured_media":1112,"template":"","meta":{"_acf_changed":false},"product_brand":[],"product_cat":[65],"product_tag":[],"class_list":{"0":"post-1317","1":"product","2":"type-product","3":"status-publish","4":"has-post-thumbnail","6":"product_cat-hettich-fr","7":"entry","8":"has-media","10":"first","11":"instock","12":"taxable","13":"shipping-taxable","14":"purchasable","15":"product-type-variable"},"acf":[],"yoast_head":"<!-- This site is optimized with the Yoast SEO plugin v27.3 - https:\/\/yoast.com\/product\/yoast-seo-wordpress\/ -->\n<title>Hettich Sensys - PlaatjemetLogo.nl<\/title>\n<meta name=\"robots\" content=\"index, follow, max-snippet:-1, max-image-preview:large, max-video-preview:-1\" \/>\n<link rel=\"canonical\" href=\"https:\/\/plaatjemetlogo.nl\/fr\/product\/hettich-sensys\/\" \/>\n<meta property=\"og:locale\" content=\"fr_FR\" \/>\n<meta property=\"og:type\" content=\"article\" \/>\n<meta property=\"og:title\" content=\"Hettich Sensys - PlaatjemetLogo.nl\" \/>\n<meta property=\"og:description\" content=\"Avec ce produit, vous n&#039;achetez que le logo \u00e0 apposer sur les capuchons. Les capuchons achet\u00e9s par vos soins peuvent \u00eatre envoy\u00e9s \u00e0 notre adresse postale, apr\u00e8s quoi le logo y sera appos\u00e9. Pour plus d&#039;informations, contactez-nous par Whatsapp ou par courrier.  La commande minimale pour ce produit est de 100 pi\u00e8ces.  Si vous souhaitez commander plus de 1000 pi\u00e8ces, veuillez contacter info@plaatjemetlogo.nl ou via contact.  Souhaitez-vous que nous nous occupions \u00e9galement des bouchons ? C&#039;est possible \u00e0 partir de 500 pi\u00e8ces, contactez-nous pour cela aussi !\" \/>\n<meta property=\"og:url\" content=\"https:\/\/plaatjemetlogo.nl\/fr\/product\/hettich-sensys\/\" \/>\n<meta property=\"og:site_name\" content=\"PlaatjemetLogo.nl\" \/>\n<meta property=\"article:modified_time\" content=\"2026-02-05T11:43:56+00:00\" \/>\n<meta property=\"og:image\" content=\"https:\/\/plaatjemetlogo.nl\/wp-content\/uploads\/2021\/04\/Hettich-Sensys.jpg\" \/>\n\t<meta property=\"og:image:width\" content=\"600\" \/>\n\t<meta property=\"og:image:height\" content=\"600\" \/>\n\t<meta property=\"og:image:type\" content=\"image\/jpeg\" \/>\n<meta name=\"twitter:card\" content=\"summary_large_image\" \/>\n<meta name=\"twitter:label1\" content=\"Dur\u00e9e de lecture estim\u00e9e\" \/>\n\t<meta name=\"twitter:data1\" content=\"1 minute\" \/>\n<script type=\"application\/ld+json\" class=\"yoast-schema-graph\">{\"@context\":\"https:\\\/\\\/schema.org\",\"@graph\":[{\"@type\":\"WebPage\",\"@id\":\"https:\\\/\\\/plaatjemetlogo.nl\\\/fr\\\/product\\\/hettich-sensys\\\/\",\"url\":\"https:\\\/\\\/plaatjemetlogo.nl\\\/fr\\\/product\\\/hettich-sensys\\\/\",\"name\":\"Hettich Sensys - PlaatjemetLogo.nl\",\"isPartOf\":{\"@id\":\"https:\\\/\\\/plaatjemetlogo.nl\\\/fr\\\/#website\"},\"primaryImageOfPage\":{\"@id\":\"https:\\\/\\\/plaatjemetlogo.nl\\\/fr\\\/product\\\/hettich-sensys\\\/#primaryimage\"},\"image\":{\"@id\":\"https:\\\/\\\/plaatjemetlogo.nl\\\/fr\\\/product\\\/hettich-sensys\\\/#primaryimage\"},\"thumbnailUrl\":\"https:\\\/\\\/plaatjemetlogo.nl\\\/wp-content\\\/uploads\\\/2021\\\/04\\\/Hettich-Sensys.jpg\",\"datePublished\":\"2021-04-11T10:21:03+00:00\",\"dateModified\":\"2026-02-05T11:43:56+00:00\",\"breadcrumb\":{\"@id\":\"https:\\\/\\\/plaatjemetlogo.nl\\\/fr\\\/product\\\/hettich-sensys\\\/#breadcrumb\"},\"inLanguage\":\"fr-FR\",\"potentialAction\":[{\"@type\":\"ReadAction\",\"target\":[\"https:\\\/\\\/plaatjemetlogo.nl\\\/fr\\\/product\\\/hettich-sensys\\\/\"]}]},{\"@type\":\"ImageObject\",\"inLanguage\":\"fr-FR\",\"@id\":\"https:\\\/\\\/plaatjemetlogo.nl\\\/fr\\\/product\\\/hettich-sensys\\\/#primaryimage\",\"url\":\"https:\\\/\\\/plaatjemetlogo.nl\\\/wp-content\\\/uploads\\\/2021\\\/04\\\/Hettich-Sensys.jpg\",\"contentUrl\":\"https:\\\/\\\/plaatjemetlogo.nl\\\/wp-content\\\/uploads\\\/2021\\\/04\\\/Hettich-Sensys.jpg\",\"width\":600,\"height\":600},{\"@type\":\"BreadcrumbList\",\"@id\":\"https:\\\/\\\/plaatjemetlogo.nl\\\/fr\\\/product\\\/hettich-sensys\\\/#breadcrumb\",\"itemListElement\":[{\"@type\":\"ListItem\",\"position\":1,\"name\":\"Accueil\",\"item\":\"https:\\\/\\\/plaatjemetlogo.nl\\\/fr\\\/\"},{\"@type\":\"ListItem\",\"position\":2,\"name\":\"Boutique\",\"item\":\"https:\\\/\\\/plaatjemetlogo.nl\\\/fr\\\/boutique\\\/\"},{\"@type\":\"ListItem\",\"position\":3,\"name\":\"Hettich Sensys\"}]},{\"@type\":\"WebSite\",\"@id\":\"https:\\\/\\\/plaatjemetlogo.nl\\\/fr\\\/#website\",\"url\":\"https:\\\/\\\/plaatjemetlogo.nl\\\/fr\\\/\",\"name\":\"PlaatjemetLogo.nl\",\"description\":\"En nog een WordPress site\",\"potentialAction\":[{\"@type\":\"SearchAction\",\"target\":{\"@type\":\"EntryPoint\",\"urlTemplate\":\"https:\\\/\\\/plaatjemetlogo.nl\\\/fr\\\/?s={search_term_string}\"},\"query-input\":{\"@type\":\"PropertyValueSpecification\",\"valueRequired\":true,\"valueName\":\"search_term_string\"}}],\"inLanguage\":\"fr-FR\"}]}<\/script>\n<!-- \/ Yoast SEO plugin. -->","yoast_head_json":{"title":"Hettich Sensys - PlaatjemetLogo.nl","robots":{"index":"index","follow":"follow","max-snippet":"max-snippet:-1","max-image-preview":"max-image-preview:large","max-video-preview":"max-video-preview:-1"},"canonical":"https:\/\/plaatjemetlogo.nl\/fr\/product\/hettich-sensys\/","og_locale":"fr_FR","og_type":"article","og_title":"Hettich Sensys - PlaatjemetLogo.nl","og_description":"Avec ce produit, vous n'achetez que le logo \u00e0 apposer sur les capuchons. Les capuchons achet\u00e9s par vos soins peuvent \u00eatre envoy\u00e9s \u00e0 notre adresse postale, apr\u00e8s quoi le logo y sera appos\u00e9. Pour plus d'informations, contactez-nous par Whatsapp ou par courrier.  La commande minimale pour ce produit est de 100 pi\u00e8ces.  Si vous souhaitez commander plus de 1000 pi\u00e8ces, veuillez contacter info@plaatjemetlogo.nl ou via contact.  Souhaitez-vous que nous nous occupions \u00e9galement des bouchons ? C'est possible \u00e0 partir de 500 pi\u00e8ces, contactez-nous pour cela aussi !","og_url":"https:\/\/plaatjemetlogo.nl\/fr\/product\/hettich-sensys\/","og_site_name":"PlaatjemetLogo.nl","article_modified_time":"2026-02-05T11:43:56+00:00","og_image":[{"width":600,"height":600,"url":"https:\/\/plaatjemetlogo.nl\/wp-content\/uploads\/2021\/04\/Hettich-Sensys.jpg","type":"image\/jpeg"}],"twitter_card":"summary_large_image","twitter_misc":{"Dur\u00e9e de lecture estim\u00e9e":"1 minute"},"schema":{"@context":"https:\/\/schema.org","@graph":[{"@type":"WebPage","@id":"https:\/\/plaatjemetlogo.nl\/fr\/product\/hettich-sensys\/","url":"https:\/\/plaatjemetlogo.nl\/fr\/product\/hettich-sensys\/","name":"Hettich Sensys - PlaatjemetLogo.nl","isPartOf":{"@id":"https:\/\/plaatjemetlogo.nl\/fr\/#website"},"primaryImageOfPage":{"@id":"https:\/\/plaatjemetlogo.nl\/fr\/product\/hettich-sensys\/#primaryimage"},"image":{"@id":"https:\/\/plaatjemetlogo.nl\/fr\/product\/hettich-sensys\/#primaryimage"},"thumbnailUrl":"https:\/\/plaatjemetlogo.nl\/wp-content\/uploads\/2021\/04\/Hettich-Sensys.jpg","datePublished":"2021-04-11T10:21:03+00:00","dateModified":"2026-02-05T11:43:56+00:00","breadcrumb":{"@id":"https:\/\/plaatjemetlogo.nl\/fr\/product\/hettich-sensys\/#breadcrumb"},"inLanguage":"fr-FR","potentialAction":[{"@type":"ReadAction","target":["https:\/\/plaatjemetlogo.nl\/fr\/product\/hettich-sensys\/"]}]},{"@type":"ImageObject","inLanguage":"fr-FR","@id":"https:\/\/plaatjemetlogo.nl\/fr\/product\/hettich-sensys\/#primaryimage","url":"https:\/\/plaatjemetlogo.nl\/wp-content\/uploads\/2021\/04\/Hettich-Sensys.jpg","contentUrl":"https:\/\/plaatjemetlogo.nl\/wp-content\/uploads\/2021\/04\/Hettich-Sensys.jpg","width":600,"height":600},{"@type":"BreadcrumbList","@id":"https:\/\/plaatjemetlogo.nl\/fr\/product\/hettich-sensys\/#breadcrumb","itemListElement":[{"@type":"ListItem","position":1,"name":"Accueil","item":"https:\/\/plaatjemetlogo.nl\/fr\/"},{"@type":"ListItem","position":2,"name":"Boutique","item":"https:\/\/plaatjemetlogo.nl\/fr\/boutique\/"},{"@type":"ListItem","position":3,"name":"Hettich Sensys"}]},{"@type":"WebSite","@id":"https:\/\/plaatjemetlogo.nl\/fr\/#website","url":"https:\/\/plaatjemetlogo.nl\/fr\/","name":"PlaatjemetLogo.nl","description":"En nog een WordPress site","potentialAction":[{"@type":"SearchAction","target":{"@type":"EntryPoint","urlTemplate":"https:\/\/plaatjemetlogo.nl\/fr\/?s={search_term_string}"},"query-input":{"@type":"PropertyValueSpecification","valueRequired":true,"valueName":"search_term_string"}}],"inLanguage":"fr-FR"}]}},"_links":{"self":[{"href":"https:\/\/plaatjemetlogo.nl\/fr\/wp-json\/wp\/v2\/product\/1317","targetHints":{"allow":["GET"]}}],"collection":[{"href":"https:\/\/plaatjemetlogo.nl\/fr\/wp-json\/wp\/v2\/product"}],"about":[{"href":"https:\/\/plaatjemetlogo.nl\/fr\/wp-json\/wp\/v2\/types\/product"}],"wp:featuredmedia":[{"embeddable":true,"href":"https:\/\/plaatjemetlogo.nl\/fr\/wp-json\/wp\/v2\/media\/1112"}],"wp:attachment":[{"href":"https:\/\/plaatjemetlogo.nl\/fr\/wp-json\/wp\/v2\/media?parent=1317"}],"wp:term":[{"taxonomy":"product_brand","embeddable":true,"href":"https:\/\/plaatjemetlogo.nl\/fr\/wp-json\/wp\/v2\/product_brand?post=1317"},{"taxonomy":"product_cat","embeddable":true,"href":"https:\/\/plaatjemetlogo.nl\/fr\/wp-json\/wp\/v2\/product_cat?post=1317"},{"taxonomy":"product_tag","embeddable":true,"href":"https:\/\/plaatjemetlogo.nl\/fr\/wp-json\/wp\/v2\/product_tag?post=1317"}],"curies":[{"name":"wp","href":"https:\/\/api.w.org\/{rel}","templated":true}]}}