{"id":1247,"date":"2021-04-05T17:38:16","date_gmt":"2021-04-05T15:38:16","guid":{"rendered":"https:\/\/plaatjemetlogo.nl\/product\/festool-t-loc-frontale\/"},"modified":"2025-03-21T13:57:28","modified_gmt":"2025-03-21T12:57:28","slug":"festool-t-loc-frontale","status":"publish","type":"product","link":"https:\/\/plaatjemetlogo.nl\/fr\/product\/festool-t-loc-frontale\/","title":{"rendered":"Festool t-loc frontale"},"content":{"rendered":"<p>Les fa\u00e7ades Festool peuvent \u00eatre \u00e9quip\u00e9es du logo ou du texte de l&rsquo;entreprise. Malheureusement, cette option n&rsquo;est disponible que pour l&rsquo;ancien type de T-loc. Sous l&rsquo;effet de la chaleur du laser, le plastique s&rsquo;\u00e9chauffe et prend une couleur fonc\u00e9e. Cette couleur se situe entre le gris et le noir.<\/p>\n<p>Le logo sera toujours d&rsquo;une couleur standard. Il s&rsquo;agit de la couleur du mat\u00e9riau sous-jacent.<br \/>\nChaque mat\u00e9riau ayant ses propres propri\u00e9t\u00e9s, il est possible qu&rsquo;il y ait de l\u00e9g\u00e8res diff\u00e9rences de couleur entre les logos.<\/p>\n<p>Vous avez des doutes ? Contactez-nous pour commander.<\/p>\n<p>Ce produit vous permet d&rsquo;envoyer ou de remettre \u00e0 Plaatjemetlogo.nl les casquettes que vous avez achet\u00e9es. Vous ne payez que le logo et non les casquettes. Ce produit est \u00e9galement disponible en plus grandes quantit\u00e9s. Renseignez-vous sur les possibilit\u00e9s.<\/p>\n","protected":false},"excerpt":{"rendered":"<p>Les fa\u00e7ades Festool peuvent \u00eatre \u00e9quip\u00e9es du logo ou du texte de l&rsquo;entreprise. Malheureusement, cette option n&rsquo;est disponible que pour l&rsquo;ancien type de T-loc. Sous l&rsquo;effet de la chaleur du laser, le plastique s&rsquo;\u00e9chauffe et prend une couleur fonc\u00e9e. Cette couleur se situe entre le gris et le noir. Le logo sera toujours d&rsquo;une couleur&hellip;<\/p>\n","protected":false},"featured_media":1115,"template":"","meta":{"_acf_changed":false},"product_brand":[],"product_cat":[55],"product_tag":[],"class_list":{"0":"post-1247","1":"product","2":"type-product","3":"status-publish","4":"has-post-thumbnail","6":"product_cat-festool-t-loc-fr","7":"entry","8":"has-media","10":"first","11":"instock","12":"taxable","13":"shipping-taxable","14":"purchasable","15":"product-type-variable"},"acf":[],"yoast_head":"<!-- This site is optimized with the Yoast SEO plugin v27.3 - https:\/\/yoast.com\/product\/yoast-seo-wordpress\/ -->\n<title>Festool t-loc frontale - PlaatjemetLogo.nl<\/title>\n<meta name=\"robots\" content=\"index, follow, max-snippet:-1, max-image-preview:large, max-video-preview:-1\" \/>\n<link rel=\"canonical\" href=\"https:\/\/plaatjemetlogo.nl\/fr\/product\/festool-t-loc-frontale\/\" \/>\n<meta property=\"og:locale\" content=\"fr_FR\" \/>\n<meta property=\"og:type\" content=\"article\" \/>\n<meta property=\"og:title\" content=\"Festool t-loc frontale - PlaatjemetLogo.nl\" \/>\n<meta property=\"og:description\" content=\"Les fa\u00e7ades Festool peuvent \u00eatre \u00e9quip\u00e9es du logo ou du texte de l&rsquo;entreprise. Malheureusement, cette option n&rsquo;est disponible que pour l&rsquo;ancien type de T-loc. Sous l&rsquo;effet de la chaleur du laser, le plastique s&rsquo;\u00e9chauffe et prend une couleur fonc\u00e9e. Cette couleur se situe entre le gris et le noir. Le logo sera toujours d&rsquo;une couleur&hellip;\" \/>\n<meta property=\"og:url\" content=\"https:\/\/plaatjemetlogo.nl\/fr\/product\/festool-t-loc-frontale\/\" \/>\n<meta property=\"og:site_name\" content=\"PlaatjemetLogo.nl\" \/>\n<meta property=\"article:modified_time\" content=\"2025-03-21T12:57:28+00:00\" \/>\n<meta property=\"og:image\" content=\"https:\/\/plaatjemetlogo.nl\/wp-content\/uploads\/2021\/04\/Festool-loc-front.jpg\" \/>\n\t<meta property=\"og:image:width\" content=\"600\" \/>\n\t<meta property=\"og:image:height\" content=\"600\" \/>\n\t<meta property=\"og:image:type\" content=\"image\/jpeg\" \/>\n<meta name=\"twitter:card\" content=\"summary_large_image\" \/>\n<meta name=\"twitter:label1\" content=\"Dur\u00e9e de lecture estim\u00e9e\" \/>\n\t<meta name=\"twitter:data1\" content=\"1 minute\" \/>\n<script type=\"application\/ld+json\" class=\"yoast-schema-graph\">{\"@context\":\"https:\\\/\\\/schema.org\",\"@graph\":[{\"@type\":\"WebPage\",\"@id\":\"https:\\\/\\\/plaatjemetlogo.nl\\\/fr\\\/product\\\/festool-t-loc-frontale\\\/\",\"url\":\"https:\\\/\\\/plaatjemetlogo.nl\\\/fr\\\/product\\\/festool-t-loc-frontale\\\/\",\"name\":\"Festool t-loc frontale - PlaatjemetLogo.nl\",\"isPartOf\":{\"@id\":\"https:\\\/\\\/plaatjemetlogo.nl\\\/fr\\\/#website\"},\"primaryImageOfPage\":{\"@id\":\"https:\\\/\\\/plaatjemetlogo.nl\\\/fr\\\/product\\\/festool-t-loc-frontale\\\/#primaryimage\"},\"image\":{\"@id\":\"https:\\\/\\\/plaatjemetlogo.nl\\\/fr\\\/product\\\/festool-t-loc-frontale\\\/#primaryimage\"},\"thumbnailUrl\":\"https:\\\/\\\/plaatjemetlogo.nl\\\/wp-content\\\/uploads\\\/2021\\\/04\\\/Festool-loc-front.jpg\",\"datePublished\":\"2021-04-05T15:38:16+00:00\",\"dateModified\":\"2025-03-21T12:57:28+00:00\",\"breadcrumb\":{\"@id\":\"https:\\\/\\\/plaatjemetlogo.nl\\\/fr\\\/product\\\/festool-t-loc-frontale\\\/#breadcrumb\"},\"inLanguage\":\"fr-FR\",\"potentialAction\":[{\"@type\":\"ReadAction\",\"target\":[\"https:\\\/\\\/plaatjemetlogo.nl\\\/fr\\\/product\\\/festool-t-loc-frontale\\\/\"]}]},{\"@type\":\"ImageObject\",\"inLanguage\":\"fr-FR\",\"@id\":\"https:\\\/\\\/plaatjemetlogo.nl\\\/fr\\\/product\\\/festool-t-loc-frontale\\\/#primaryimage\",\"url\":\"https:\\\/\\\/plaatjemetlogo.nl\\\/wp-content\\\/uploads\\\/2021\\\/04\\\/Festool-loc-front.jpg\",\"contentUrl\":\"https:\\\/\\\/plaatjemetlogo.nl\\\/wp-content\\\/uploads\\\/2021\\\/04\\\/Festool-loc-front.jpg\",\"width\":600,\"height\":600},{\"@type\":\"BreadcrumbList\",\"@id\":\"https:\\\/\\\/plaatjemetlogo.nl\\\/fr\\\/product\\\/festool-t-loc-frontale\\\/#breadcrumb\",\"itemListElement\":[{\"@type\":\"ListItem\",\"position\":1,\"name\":\"Accueil\",\"item\":\"https:\\\/\\\/plaatjemetlogo.nl\\\/fr\\\/\"},{\"@type\":\"ListItem\",\"position\":2,\"name\":\"Boutique\",\"item\":\"https:\\\/\\\/plaatjemetlogo.nl\\\/fr\\\/boutique\\\/\"},{\"@type\":\"ListItem\",\"position\":3,\"name\":\"Festool t-loc frontale\"}]},{\"@type\":\"WebSite\",\"@id\":\"https:\\\/\\\/plaatjemetlogo.nl\\\/fr\\\/#website\",\"url\":\"https:\\\/\\\/plaatjemetlogo.nl\\\/fr\\\/\",\"name\":\"PlaatjemetLogo.nl\",\"description\":\"En nog een WordPress site\",\"potentialAction\":[{\"@type\":\"SearchAction\",\"target\":{\"@type\":\"EntryPoint\",\"urlTemplate\":\"https:\\\/\\\/plaatjemetlogo.nl\\\/fr\\\/?s={search_term_string}\"},\"query-input\":{\"@type\":\"PropertyValueSpecification\",\"valueRequired\":true,\"valueName\":\"search_term_string\"}}],\"inLanguage\":\"fr-FR\"}]}<\/script>\n<!-- \/ Yoast SEO plugin. -->","yoast_head_json":{"title":"Festool t-loc frontale - PlaatjemetLogo.nl","robots":{"index":"index","follow":"follow","max-snippet":"max-snippet:-1","max-image-preview":"max-image-preview:large","max-video-preview":"max-video-preview:-1"},"canonical":"https:\/\/plaatjemetlogo.nl\/fr\/product\/festool-t-loc-frontale\/","og_locale":"fr_FR","og_type":"article","og_title":"Festool t-loc frontale - PlaatjemetLogo.nl","og_description":"Les fa\u00e7ades Festool peuvent \u00eatre \u00e9quip\u00e9es du logo ou du texte de l&rsquo;entreprise. Malheureusement, cette option n&rsquo;est disponible que pour l&rsquo;ancien type de T-loc. Sous l&rsquo;effet de la chaleur du laser, le plastique s&rsquo;\u00e9chauffe et prend une couleur fonc\u00e9e. Cette couleur se situe entre le gris et le noir. Le logo sera toujours d&rsquo;une couleur&hellip;","og_url":"https:\/\/plaatjemetlogo.nl\/fr\/product\/festool-t-loc-frontale\/","og_site_name":"PlaatjemetLogo.nl","article_modified_time":"2025-03-21T12:57:28+00:00","og_image":[{"width":600,"height":600,"url":"https:\/\/plaatjemetlogo.nl\/wp-content\/uploads\/2021\/04\/Festool-loc-front.jpg","type":"image\/jpeg"}],"twitter_card":"summary_large_image","twitter_misc":{"Dur\u00e9e de lecture estim\u00e9e":"1 minute"},"schema":{"@context":"https:\/\/schema.org","@graph":[{"@type":"WebPage","@id":"https:\/\/plaatjemetlogo.nl\/fr\/product\/festool-t-loc-frontale\/","url":"https:\/\/plaatjemetlogo.nl\/fr\/product\/festool-t-loc-frontale\/","name":"Festool t-loc frontale - PlaatjemetLogo.nl","isPartOf":{"@id":"https:\/\/plaatjemetlogo.nl\/fr\/#website"},"primaryImageOfPage":{"@id":"https:\/\/plaatjemetlogo.nl\/fr\/product\/festool-t-loc-frontale\/#primaryimage"},"image":{"@id":"https:\/\/plaatjemetlogo.nl\/fr\/product\/festool-t-loc-frontale\/#primaryimage"},"thumbnailUrl":"https:\/\/plaatjemetlogo.nl\/wp-content\/uploads\/2021\/04\/Festool-loc-front.jpg","datePublished":"2021-04-05T15:38:16+00:00","dateModified":"2025-03-21T12:57:28+00:00","breadcrumb":{"@id":"https:\/\/plaatjemetlogo.nl\/fr\/product\/festool-t-loc-frontale\/#breadcrumb"},"inLanguage":"fr-FR","potentialAction":[{"@type":"ReadAction","target":["https:\/\/plaatjemetlogo.nl\/fr\/product\/festool-t-loc-frontale\/"]}]},{"@type":"ImageObject","inLanguage":"fr-FR","@id":"https:\/\/plaatjemetlogo.nl\/fr\/product\/festool-t-loc-frontale\/#primaryimage","url":"https:\/\/plaatjemetlogo.nl\/wp-content\/uploads\/2021\/04\/Festool-loc-front.jpg","contentUrl":"https:\/\/plaatjemetlogo.nl\/wp-content\/uploads\/2021\/04\/Festool-loc-front.jpg","width":600,"height":600},{"@type":"BreadcrumbList","@id":"https:\/\/plaatjemetlogo.nl\/fr\/product\/festool-t-loc-frontale\/#breadcrumb","itemListElement":[{"@type":"ListItem","position":1,"name":"Accueil","item":"https:\/\/plaatjemetlogo.nl\/fr\/"},{"@type":"ListItem","position":2,"name":"Boutique","item":"https:\/\/plaatjemetlogo.nl\/fr\/boutique\/"},{"@type":"ListItem","position":3,"name":"Festool t-loc frontale"}]},{"@type":"WebSite","@id":"https:\/\/plaatjemetlogo.nl\/fr\/#website","url":"https:\/\/plaatjemetlogo.nl\/fr\/","name":"PlaatjemetLogo.nl","description":"En nog een WordPress site","potentialAction":[{"@type":"SearchAction","target":{"@type":"EntryPoint","urlTemplate":"https:\/\/plaatjemetlogo.nl\/fr\/?s={search_term_string}"},"query-input":{"@type":"PropertyValueSpecification","valueRequired":true,"valueName":"search_term_string"}}],"inLanguage":"fr-FR"}]}},"_links":{"self":[{"href":"https:\/\/plaatjemetlogo.nl\/fr\/wp-json\/wp\/v2\/product\/1247","targetHints":{"allow":["GET"]}}],"collection":[{"href":"https:\/\/plaatjemetlogo.nl\/fr\/wp-json\/wp\/v2\/product"}],"about":[{"href":"https:\/\/plaatjemetlogo.nl\/fr\/wp-json\/wp\/v2\/types\/product"}],"wp:featuredmedia":[{"embeddable":true,"href":"https:\/\/plaatjemetlogo.nl\/fr\/wp-json\/wp\/v2\/media\/1115"}],"wp:attachment":[{"href":"https:\/\/plaatjemetlogo.nl\/fr\/wp-json\/wp\/v2\/media?parent=1247"}],"wp:term":[{"taxonomy":"product_brand","embeddable":true,"href":"https:\/\/plaatjemetlogo.nl\/fr\/wp-json\/wp\/v2\/product_brand?post=1247"},{"taxonomy":"product_cat","embeddable":true,"href":"https:\/\/plaatjemetlogo.nl\/fr\/wp-json\/wp\/v2\/product_cat?post=1247"},{"taxonomy":"product_tag","embeddable":true,"href":"https:\/\/plaatjemetlogo.nl\/fr\/wp-json\/wp\/v2\/product_tag?post=1247"}],"curies":[{"name":"wp","href":"https:\/\/api.w.org\/{rel}","templated":true}]}}