{"id":1207,"date":"2021-04-05T14:18:06","date_gmt":"2021-04-05T12:18:06","guid":{"rendered":"https:\/\/plaatjemetlogo.nl\/product\/plaque-de-luxe-en-acier-inoxydable\/"},"modified":"2025-03-21T13:32:56","modified_gmt":"2025-03-21T12:32:56","slug":"plaque-de-luxe-en-acier-inoxydable","status":"publish","type":"product","link":"https:\/\/plaatjemetlogo.nl\/fr\/product\/plaque-de-luxe-en-acier-inoxydable\/","title":{"rendered":"Plaque de luxe en acier inoxydable"},"content":{"rendered":"<p>Ces plaques de luxe en acier inoxydable mesurent 70 x 20 mm. Disponibles en noir brillant, or brillant et argent brillant. Egalement en argent et or bross\u00e9s. Couleurs telles que le bleu, le vert, le rose, le violet sur demande.<\/p>\n<p>Le logo sera toujours d&rsquo;une couleur standard. Il s&rsquo;agit de la couleur du mat\u00e9riau sous-jacent.<br \/>\nChaque mat\u00e9riau ayant ses propres propri\u00e9t\u00e9s, il est possible qu&rsquo;il y ait de l\u00e9g\u00e8res diff\u00e9rences de couleur entre les logos.<\/p>\n<p>Vous avez des doutes ? Contactez-nous pour commander.<\/p>\n","protected":false},"excerpt":{"rendered":"<p>Ces plaques de luxe en acier inoxydable mesurent 70 x 20 mm. Disponibles en noir brillant, or brillant et argent brillant. Egalement en argent et or bross\u00e9s. Couleurs telles que le bleu, le vert, le rose, le violet sur demande. Le logo sera toujours d&rsquo;une couleur standard. Il s&rsquo;agit de la couleur du mat\u00e9riau sous-jacent.&hellip;<\/p>\n","protected":false},"featured_media":1094,"template":"","meta":{"_acf_changed":false},"product_brand":[],"product_cat":[50],"product_tag":[],"class_list":{"0":"post-1207","1":"product","2":"type-product","3":"status-publish","4":"has-post-thumbnail","6":"product_cat-plaque-dacier-inoxydable","7":"entry","8":"has-media","10":"first","11":"instock","12":"taxable","13":"shipping-taxable","14":"purchasable","15":"product-type-variable"},"acf":[],"yoast_head":"<!-- This site is optimized with the Yoast SEO plugin v27.3 - https:\/\/yoast.com\/product\/yoast-seo-wordpress\/ -->\n<title>Plaque de luxe en acier inoxydable - PlaatjemetLogo.nl<\/title>\n<meta name=\"robots\" content=\"index, follow, max-snippet:-1, max-image-preview:large, max-video-preview:-1\" \/>\n<link rel=\"canonical\" href=\"https:\/\/plaatjemetlogo.nl\/fr\/product\/plaque-de-luxe-en-acier-inoxydable\/\" \/>\n<meta property=\"og:locale\" content=\"fr_FR\" \/>\n<meta property=\"og:type\" content=\"article\" \/>\n<meta property=\"og:title\" content=\"Plaque de luxe en acier inoxydable - PlaatjemetLogo.nl\" \/>\n<meta property=\"og:description\" content=\"Ces plaques de luxe en acier inoxydable mesurent 70 x 20 mm. Disponibles en noir brillant, or brillant et argent brillant. Egalement en argent et or bross\u00e9s. Couleurs telles que le bleu, le vert, le rose, le violet sur demande. Le logo sera toujours d&rsquo;une couleur standard. Il s&rsquo;agit de la couleur du mat\u00e9riau sous-jacent.&hellip;\" \/>\n<meta property=\"og:url\" content=\"https:\/\/plaatjemetlogo.nl\/fr\/product\/plaque-de-luxe-en-acier-inoxydable\/\" \/>\n<meta property=\"og:site_name\" content=\"PlaatjemetLogo.nl\" \/>\n<meta property=\"article:modified_time\" content=\"2025-03-21T12:32:56+00:00\" \/>\n<meta property=\"og:image\" content=\"https:\/\/plaatjemetlogo.nl\/wp-content\/uploads\/2021\/04\/RVS-luxe-70x20-1.jpg\" \/>\n\t<meta property=\"og:image:width\" content=\"640\" \/>\n\t<meta property=\"og:image:height\" content=\"640\" \/>\n\t<meta property=\"og:image:type\" content=\"image\/jpeg\" \/>\n<meta name=\"twitter:card\" content=\"summary_large_image\" \/>\n<meta name=\"twitter:label1\" content=\"Dur\u00e9e de lecture estim\u00e9e\" \/>\n\t<meta name=\"twitter:data1\" content=\"1 minute\" \/>\n<script type=\"application\/ld+json\" class=\"yoast-schema-graph\">{\"@context\":\"https:\\\/\\\/schema.org\",\"@graph\":[{\"@type\":\"WebPage\",\"@id\":\"https:\\\/\\\/plaatjemetlogo.nl\\\/fr\\\/product\\\/plaque-de-luxe-en-acier-inoxydable\\\/\",\"url\":\"https:\\\/\\\/plaatjemetlogo.nl\\\/fr\\\/product\\\/plaque-de-luxe-en-acier-inoxydable\\\/\",\"name\":\"Plaque de luxe en acier inoxydable - PlaatjemetLogo.nl\",\"isPartOf\":{\"@id\":\"https:\\\/\\\/plaatjemetlogo.nl\\\/fr\\\/#website\"},\"primaryImageOfPage\":{\"@id\":\"https:\\\/\\\/plaatjemetlogo.nl\\\/fr\\\/product\\\/plaque-de-luxe-en-acier-inoxydable\\\/#primaryimage\"},\"image\":{\"@id\":\"https:\\\/\\\/plaatjemetlogo.nl\\\/fr\\\/product\\\/plaque-de-luxe-en-acier-inoxydable\\\/#primaryimage\"},\"thumbnailUrl\":\"https:\\\/\\\/plaatjemetlogo.nl\\\/wp-content\\\/uploads\\\/2021\\\/04\\\/RVS-luxe-70x20-1.jpg\",\"datePublished\":\"2021-04-05T12:18:06+00:00\",\"dateModified\":\"2025-03-21T12:32:56+00:00\",\"breadcrumb\":{\"@id\":\"https:\\\/\\\/plaatjemetlogo.nl\\\/fr\\\/product\\\/plaque-de-luxe-en-acier-inoxydable\\\/#breadcrumb\"},\"inLanguage\":\"fr-FR\",\"potentialAction\":[{\"@type\":\"ReadAction\",\"target\":[\"https:\\\/\\\/plaatjemetlogo.nl\\\/fr\\\/product\\\/plaque-de-luxe-en-acier-inoxydable\\\/\"]}]},{\"@type\":\"ImageObject\",\"inLanguage\":\"fr-FR\",\"@id\":\"https:\\\/\\\/plaatjemetlogo.nl\\\/fr\\\/product\\\/plaque-de-luxe-en-acier-inoxydable\\\/#primaryimage\",\"url\":\"https:\\\/\\\/plaatjemetlogo.nl\\\/wp-content\\\/uploads\\\/2021\\\/04\\\/RVS-luxe-70x20-1.jpg\",\"contentUrl\":\"https:\\\/\\\/plaatjemetlogo.nl\\\/wp-content\\\/uploads\\\/2021\\\/04\\\/RVS-luxe-70x20-1.jpg\",\"width\":640,\"height\":640},{\"@type\":\"BreadcrumbList\",\"@id\":\"https:\\\/\\\/plaatjemetlogo.nl\\\/fr\\\/product\\\/plaque-de-luxe-en-acier-inoxydable\\\/#breadcrumb\",\"itemListElement\":[{\"@type\":\"ListItem\",\"position\":1,\"name\":\"Accueil\",\"item\":\"https:\\\/\\\/plaatjemetlogo.nl\\\/fr\\\/\"},{\"@type\":\"ListItem\",\"position\":2,\"name\":\"Boutique\",\"item\":\"https:\\\/\\\/plaatjemetlogo.nl\\\/fr\\\/boutique\\\/\"},{\"@type\":\"ListItem\",\"position\":3,\"name\":\"Plaque de luxe en acier inoxydable\"}]},{\"@type\":\"WebSite\",\"@id\":\"https:\\\/\\\/plaatjemetlogo.nl\\\/fr\\\/#website\",\"url\":\"https:\\\/\\\/plaatjemetlogo.nl\\\/fr\\\/\",\"name\":\"PlaatjemetLogo.nl\",\"description\":\"En nog een WordPress site\",\"potentialAction\":[{\"@type\":\"SearchAction\",\"target\":{\"@type\":\"EntryPoint\",\"urlTemplate\":\"https:\\\/\\\/plaatjemetlogo.nl\\\/fr\\\/?s={search_term_string}\"},\"query-input\":{\"@type\":\"PropertyValueSpecification\",\"valueRequired\":true,\"valueName\":\"search_term_string\"}}],\"inLanguage\":\"fr-FR\"}]}<\/script>\n<!-- \/ Yoast SEO plugin. -->","yoast_head_json":{"title":"Plaque de luxe en acier inoxydable - PlaatjemetLogo.nl","robots":{"index":"index","follow":"follow","max-snippet":"max-snippet:-1","max-image-preview":"max-image-preview:large","max-video-preview":"max-video-preview:-1"},"canonical":"https:\/\/plaatjemetlogo.nl\/fr\/product\/plaque-de-luxe-en-acier-inoxydable\/","og_locale":"fr_FR","og_type":"article","og_title":"Plaque de luxe en acier inoxydable - PlaatjemetLogo.nl","og_description":"Ces plaques de luxe en acier inoxydable mesurent 70 x 20 mm. Disponibles en noir brillant, or brillant et argent brillant. Egalement en argent et or bross\u00e9s. Couleurs telles que le bleu, le vert, le rose, le violet sur demande. Le logo sera toujours d&rsquo;une couleur standard. Il s&rsquo;agit de la couleur du mat\u00e9riau sous-jacent.&hellip;","og_url":"https:\/\/plaatjemetlogo.nl\/fr\/product\/plaque-de-luxe-en-acier-inoxydable\/","og_site_name":"PlaatjemetLogo.nl","article_modified_time":"2025-03-21T12:32:56+00:00","og_image":[{"width":640,"height":640,"url":"https:\/\/plaatjemetlogo.nl\/wp-content\/uploads\/2021\/04\/RVS-luxe-70x20-1.jpg","type":"image\/jpeg"}],"twitter_card":"summary_large_image","twitter_misc":{"Dur\u00e9e de lecture estim\u00e9e":"1 minute"},"schema":{"@context":"https:\/\/schema.org","@graph":[{"@type":"WebPage","@id":"https:\/\/plaatjemetlogo.nl\/fr\/product\/plaque-de-luxe-en-acier-inoxydable\/","url":"https:\/\/plaatjemetlogo.nl\/fr\/product\/plaque-de-luxe-en-acier-inoxydable\/","name":"Plaque de luxe en acier inoxydable - PlaatjemetLogo.nl","isPartOf":{"@id":"https:\/\/plaatjemetlogo.nl\/fr\/#website"},"primaryImageOfPage":{"@id":"https:\/\/plaatjemetlogo.nl\/fr\/product\/plaque-de-luxe-en-acier-inoxydable\/#primaryimage"},"image":{"@id":"https:\/\/plaatjemetlogo.nl\/fr\/product\/plaque-de-luxe-en-acier-inoxydable\/#primaryimage"},"thumbnailUrl":"https:\/\/plaatjemetlogo.nl\/wp-content\/uploads\/2021\/04\/RVS-luxe-70x20-1.jpg","datePublished":"2021-04-05T12:18:06+00:00","dateModified":"2025-03-21T12:32:56+00:00","breadcrumb":{"@id":"https:\/\/plaatjemetlogo.nl\/fr\/product\/plaque-de-luxe-en-acier-inoxydable\/#breadcrumb"},"inLanguage":"fr-FR","potentialAction":[{"@type":"ReadAction","target":["https:\/\/plaatjemetlogo.nl\/fr\/product\/plaque-de-luxe-en-acier-inoxydable\/"]}]},{"@type":"ImageObject","inLanguage":"fr-FR","@id":"https:\/\/plaatjemetlogo.nl\/fr\/product\/plaque-de-luxe-en-acier-inoxydable\/#primaryimage","url":"https:\/\/plaatjemetlogo.nl\/wp-content\/uploads\/2021\/04\/RVS-luxe-70x20-1.jpg","contentUrl":"https:\/\/plaatjemetlogo.nl\/wp-content\/uploads\/2021\/04\/RVS-luxe-70x20-1.jpg","width":640,"height":640},{"@type":"BreadcrumbList","@id":"https:\/\/plaatjemetlogo.nl\/fr\/product\/plaque-de-luxe-en-acier-inoxydable\/#breadcrumb","itemListElement":[{"@type":"ListItem","position":1,"name":"Accueil","item":"https:\/\/plaatjemetlogo.nl\/fr\/"},{"@type":"ListItem","position":2,"name":"Boutique","item":"https:\/\/plaatjemetlogo.nl\/fr\/boutique\/"},{"@type":"ListItem","position":3,"name":"Plaque de luxe en acier inoxydable"}]},{"@type":"WebSite","@id":"https:\/\/plaatjemetlogo.nl\/fr\/#website","url":"https:\/\/plaatjemetlogo.nl\/fr\/","name":"PlaatjemetLogo.nl","description":"En nog een WordPress site","potentialAction":[{"@type":"SearchAction","target":{"@type":"EntryPoint","urlTemplate":"https:\/\/plaatjemetlogo.nl\/fr\/?s={search_term_string}"},"query-input":{"@type":"PropertyValueSpecification","valueRequired":true,"valueName":"search_term_string"}}],"inLanguage":"fr-FR"}]}},"_links":{"self":[{"href":"https:\/\/plaatjemetlogo.nl\/fr\/wp-json\/wp\/v2\/product\/1207","targetHints":{"allow":["GET"]}}],"collection":[{"href":"https:\/\/plaatjemetlogo.nl\/fr\/wp-json\/wp\/v2\/product"}],"about":[{"href":"https:\/\/plaatjemetlogo.nl\/fr\/wp-json\/wp\/v2\/types\/product"}],"wp:featuredmedia":[{"embeddable":true,"href":"https:\/\/plaatjemetlogo.nl\/fr\/wp-json\/wp\/v2\/media\/1094"}],"wp:attachment":[{"href":"https:\/\/plaatjemetlogo.nl\/fr\/wp-json\/wp\/v2\/media?parent=1207"}],"wp:term":[{"taxonomy":"product_brand","embeddable":true,"href":"https:\/\/plaatjemetlogo.nl\/fr\/wp-json\/wp\/v2\/product_brand?post=1207"},{"taxonomy":"product_cat","embeddable":true,"href":"https:\/\/plaatjemetlogo.nl\/fr\/wp-json\/wp\/v2\/product_cat?post=1207"},{"taxonomy":"product_tag","embeddable":true,"href":"https:\/\/plaatjemetlogo.nl\/fr\/wp-json\/wp\/v2\/product_tag?post=1207"}],"curies":[{"name":"wp","href":"https:\/\/api.w.org\/{rel}","templated":true}]}}