{"id":1398,"date":"2023-04-02T09:58:13","date_gmt":"2023-04-02T09:58:13","guid":{"rendered":"https:\/\/plaatjemetlogo.nl\/product\/hettich-arcitech-mit-logo-kappen\/"},"modified":"2026-02-05T12:03:44","modified_gmt":"2026-02-05T11:03:44","slug":"hettich-arcitech-mit-logo-kappen","status":"publish","type":"product","link":"https:\/\/plaatjemetlogo.nl\/de\/product\/hettich-arcitech-mit-logo-kappen\/","title":{"rendered":"Hettich ArciTech mit Logo + Kappen"},"content":{"rendered":"<p>Die ArciTech la Abdeckkappen von Hettich sind separat erh\u00e4ltlich. Dadurch k\u00f6nnen sie mit einem Logo oder Text versehen werden. Das Logo oder der Text wird durch Hitze in das Material eingebrannt. Im Gegensatz zum Druck ist dies viel fester, sch\u00f6ner und luxuri\u00f6ser. Selbst wenn das Logo zerkratzt wird, bleibt es an seinem Platz.<\/p>\n<p>Neben ArciTech ist dies auch f\u00fcr die Designprofile von Hettich m\u00f6glich. Fragen Sie nach den M\u00f6glichkeiten.<\/p>\n<p>Das Logo wird immer eine Standardfarbe haben. Das ist die Farbe des zugrundeliegenden Materials.<br \/>\nDa jedes Material seine eigenen Eigenschaften hat, ist es m\u00f6glich, dass es kleine Farbabweichungen zwischen den Logos gibt.<\/p>\n<p>Haben Sie Zweifel? Kontaktieren Sie uns f\u00fcr eine Bestellung.<\/p>\n<p>Ben\u00f6tigen Sie eine gr\u00f6\u00dfere Auflage? Fragen Sie nach den M\u00f6glichkeiten.<\/p>\n","protected":false},"excerpt":{"rendered":"<p><strong>Mit diesem Produkt kaufen Sie das Logo + die H\u00fcllen.<\/strong><br \/>\nF\u00fcr weitere Informationen kontaktieren Sie uns per Whatsapp oder per Mail.<\/p>\n<p>Die Mindestbestellmenge f\u00fcr dieses Produkt betr\u00e4gt <strong>500<\/strong> St\u00fcck.<\/p>\n<p>M\u00f6chten Sie mehr als <strong>1000<\/strong> St\u00fcck bestellen, kontaktieren Sie bitte <a href=\"mailto:info@plaatjemetlogo.nl\">info@plaatjemetlogo.nl<\/a> oder per <a href=\"https:\/\/plaatjemetlogo.nl\/de\/kontakt\/\">Kontakt<\/a>.<\/p>\n","protected":false},"featured_media":1188,"template":"","meta":{"_acf_changed":false},"product_brand":[],"product_cat":[64],"product_tag":[],"class_list":{"0":"post-1398","1":"product","2":"type-product","3":"status-publish","4":"has-post-thumbnail","6":"product_cat-hettich-de","7":"entry","8":"has-media","10":"first","11":"instock","12":"taxable","13":"shipping-taxable","14":"purchasable","15":"product-type-variable"},"acf":[],"yoast_head":"<!-- This site is optimized with the Yoast SEO plugin v27.3 - https:\/\/yoast.com\/product\/yoast-seo-wordpress\/ -->\n<title>Hettich ArciTech mit Logo + Kappen - PlaatjemetLogo.nl<\/title>\n<meta name=\"robots\" content=\"index, follow, max-snippet:-1, max-image-preview:large, max-video-preview:-1\" \/>\n<link rel=\"canonical\" href=\"https:\/\/plaatjemetlogo.nl\/de\/product\/hettich-arcitech-mit-logo-kappen\/\" \/>\n<meta property=\"og:locale\" content=\"de_DE\" \/>\n<meta property=\"og:type\" content=\"article\" \/>\n<meta property=\"og:title\" content=\"Hettich ArciTech mit Logo + Kappen - PlaatjemetLogo.nl\" \/>\n<meta property=\"og:description\" content=\"Mit diesem Produkt kaufen Sie das Logo + die H\u00fcllen. F\u00fcr weitere Informationen kontaktieren Sie uns per Whatsapp oder per Mail.  Die Mindestbestellmenge f\u00fcr dieses Produkt betr\u00e4gt 500 St\u00fcck.  M\u00f6chten Sie mehr als 1000 St\u00fcck bestellen, kontaktieren Sie bitte info@plaatjemetlogo.nl oder per Kontakt.\" \/>\n<meta property=\"og:url\" content=\"https:\/\/plaatjemetlogo.nl\/de\/product\/hettich-arcitech-mit-logo-kappen\/\" \/>\n<meta property=\"og:site_name\" content=\"PlaatjemetLogo.nl\" \/>\n<meta property=\"article:modified_time\" content=\"2026-02-05T11:03:44+00:00\" \/>\n<meta property=\"og:image\" content=\"https:\/\/plaatjemetlogo.nl\/wp-content\/uploads\/2021\/04\/IMG_1825.jpg\" \/>\n\t<meta property=\"og:image:width\" content=\"640\" \/>\n\t<meta property=\"og:image:height\" content=\"640\" \/>\n\t<meta property=\"og:image:type\" content=\"image\/jpeg\" \/>\n<meta name=\"twitter:card\" content=\"summary_large_image\" \/>\n<meta name=\"twitter:label1\" content=\"Gesch\u00e4tzte Lesezeit\" \/>\n\t<meta name=\"twitter:data1\" content=\"1\u00a0Minute\" \/>\n<script type=\"application\/ld+json\" class=\"yoast-schema-graph\">{\"@context\":\"https:\\\/\\\/schema.org\",\"@graph\":[{\"@type\":\"WebPage\",\"@id\":\"https:\\\/\\\/plaatjemetlogo.nl\\\/de\\\/product\\\/hettich-arcitech-mit-logo-kappen\\\/\",\"url\":\"https:\\\/\\\/plaatjemetlogo.nl\\\/de\\\/product\\\/hettich-arcitech-mit-logo-kappen\\\/\",\"name\":\"Hettich ArciTech mit Logo + Kappen - PlaatjemetLogo.nl\",\"isPartOf\":{\"@id\":\"https:\\\/\\\/plaatjemetlogo.nl\\\/de\\\/#website\"},\"primaryImageOfPage\":{\"@id\":\"https:\\\/\\\/plaatjemetlogo.nl\\\/de\\\/product\\\/hettich-arcitech-mit-logo-kappen\\\/#primaryimage\"},\"image\":{\"@id\":\"https:\\\/\\\/plaatjemetlogo.nl\\\/de\\\/product\\\/hettich-arcitech-mit-logo-kappen\\\/#primaryimage\"},\"thumbnailUrl\":\"https:\\\/\\\/plaatjemetlogo.nl\\\/wp-content\\\/uploads\\\/2021\\\/04\\\/IMG_1825.jpg\",\"datePublished\":\"2023-04-02T09:58:13+00:00\",\"dateModified\":\"2026-02-05T11:03:44+00:00\",\"breadcrumb\":{\"@id\":\"https:\\\/\\\/plaatjemetlogo.nl\\\/de\\\/product\\\/hettich-arcitech-mit-logo-kappen\\\/#breadcrumb\"},\"inLanguage\":\"de\",\"potentialAction\":[{\"@type\":\"ReadAction\",\"target\":[\"https:\\\/\\\/plaatjemetlogo.nl\\\/de\\\/product\\\/hettich-arcitech-mit-logo-kappen\\\/\"]}]},{\"@type\":\"ImageObject\",\"inLanguage\":\"de\",\"@id\":\"https:\\\/\\\/plaatjemetlogo.nl\\\/de\\\/product\\\/hettich-arcitech-mit-logo-kappen\\\/#primaryimage\",\"url\":\"https:\\\/\\\/plaatjemetlogo.nl\\\/wp-content\\\/uploads\\\/2021\\\/04\\\/IMG_1825.jpg\",\"contentUrl\":\"https:\\\/\\\/plaatjemetlogo.nl\\\/wp-content\\\/uploads\\\/2021\\\/04\\\/IMG_1825.jpg\",\"width\":640,\"height\":640},{\"@type\":\"BreadcrumbList\",\"@id\":\"https:\\\/\\\/plaatjemetlogo.nl\\\/de\\\/product\\\/hettich-arcitech-mit-logo-kappen\\\/#breadcrumb\",\"itemListElement\":[{\"@type\":\"ListItem\",\"position\":1,\"name\":\"Home\",\"item\":\"https:\\\/\\\/plaatjemetlogo.nl\\\/de\\\/\"},{\"@type\":\"ListItem\",\"position\":2,\"name\":\"Shop\",\"item\":\"https:\\\/\\\/plaatjemetlogo.nl\\\/de\\\/shop\\\/\"},{\"@type\":\"ListItem\",\"position\":3,\"name\":\"Hettich ArciTech mit Logo + Kappen\"}]},{\"@type\":\"WebSite\",\"@id\":\"https:\\\/\\\/plaatjemetlogo.nl\\\/de\\\/#website\",\"url\":\"https:\\\/\\\/plaatjemetlogo.nl\\\/de\\\/\",\"name\":\"PlaatjemetLogo.nl\",\"description\":\"En nog een WordPress site\",\"potentialAction\":[{\"@type\":\"SearchAction\",\"target\":{\"@type\":\"EntryPoint\",\"urlTemplate\":\"https:\\\/\\\/plaatjemetlogo.nl\\\/de\\\/?s={search_term_string}\"},\"query-input\":{\"@type\":\"PropertyValueSpecification\",\"valueRequired\":true,\"valueName\":\"search_term_string\"}}],\"inLanguage\":\"de\"}]}<\/script>\n<!-- \/ Yoast SEO plugin. -->","yoast_head_json":{"title":"Hettich ArciTech mit Logo + Kappen - PlaatjemetLogo.nl","robots":{"index":"index","follow":"follow","max-snippet":"max-snippet:-1","max-image-preview":"max-image-preview:large","max-video-preview":"max-video-preview:-1"},"canonical":"https:\/\/plaatjemetlogo.nl\/de\/product\/hettich-arcitech-mit-logo-kappen\/","og_locale":"de_DE","og_type":"article","og_title":"Hettich ArciTech mit Logo + Kappen - PlaatjemetLogo.nl","og_description":"Mit diesem Produkt kaufen Sie das Logo + die H\u00fcllen. F\u00fcr weitere Informationen kontaktieren Sie uns per Whatsapp oder per Mail.  Die Mindestbestellmenge f\u00fcr dieses Produkt betr\u00e4gt 500 St\u00fcck.  M\u00f6chten Sie mehr als 1000 St\u00fcck bestellen, kontaktieren Sie bitte info@plaatjemetlogo.nl oder per Kontakt.","og_url":"https:\/\/plaatjemetlogo.nl\/de\/product\/hettich-arcitech-mit-logo-kappen\/","og_site_name":"PlaatjemetLogo.nl","article_modified_time":"2026-02-05T11:03:44+00:00","og_image":[{"width":640,"height":640,"url":"https:\/\/plaatjemetlogo.nl\/wp-content\/uploads\/2021\/04\/IMG_1825.jpg","type":"image\/jpeg"}],"twitter_card":"summary_large_image","twitter_misc":{"Gesch\u00e4tzte Lesezeit":"1\u00a0Minute"},"schema":{"@context":"https:\/\/schema.org","@graph":[{"@type":"WebPage","@id":"https:\/\/plaatjemetlogo.nl\/de\/product\/hettich-arcitech-mit-logo-kappen\/","url":"https:\/\/plaatjemetlogo.nl\/de\/product\/hettich-arcitech-mit-logo-kappen\/","name":"Hettich ArciTech mit Logo + Kappen - PlaatjemetLogo.nl","isPartOf":{"@id":"https:\/\/plaatjemetlogo.nl\/de\/#website"},"primaryImageOfPage":{"@id":"https:\/\/plaatjemetlogo.nl\/de\/product\/hettich-arcitech-mit-logo-kappen\/#primaryimage"},"image":{"@id":"https:\/\/plaatjemetlogo.nl\/de\/product\/hettich-arcitech-mit-logo-kappen\/#primaryimage"},"thumbnailUrl":"https:\/\/plaatjemetlogo.nl\/wp-content\/uploads\/2021\/04\/IMG_1825.jpg","datePublished":"2023-04-02T09:58:13+00:00","dateModified":"2026-02-05T11:03:44+00:00","breadcrumb":{"@id":"https:\/\/plaatjemetlogo.nl\/de\/product\/hettich-arcitech-mit-logo-kappen\/#breadcrumb"},"inLanguage":"de","potentialAction":[{"@type":"ReadAction","target":["https:\/\/plaatjemetlogo.nl\/de\/product\/hettich-arcitech-mit-logo-kappen\/"]}]},{"@type":"ImageObject","inLanguage":"de","@id":"https:\/\/plaatjemetlogo.nl\/de\/product\/hettich-arcitech-mit-logo-kappen\/#primaryimage","url":"https:\/\/plaatjemetlogo.nl\/wp-content\/uploads\/2021\/04\/IMG_1825.jpg","contentUrl":"https:\/\/plaatjemetlogo.nl\/wp-content\/uploads\/2021\/04\/IMG_1825.jpg","width":640,"height":640},{"@type":"BreadcrumbList","@id":"https:\/\/plaatjemetlogo.nl\/de\/product\/hettich-arcitech-mit-logo-kappen\/#breadcrumb","itemListElement":[{"@type":"ListItem","position":1,"name":"Home","item":"https:\/\/plaatjemetlogo.nl\/de\/"},{"@type":"ListItem","position":2,"name":"Shop","item":"https:\/\/plaatjemetlogo.nl\/de\/shop\/"},{"@type":"ListItem","position":3,"name":"Hettich ArciTech mit Logo + Kappen"}]},{"@type":"WebSite","@id":"https:\/\/plaatjemetlogo.nl\/de\/#website","url":"https:\/\/plaatjemetlogo.nl\/de\/","name":"PlaatjemetLogo.nl","description":"En nog een WordPress site","potentialAction":[{"@type":"SearchAction","target":{"@type":"EntryPoint","urlTemplate":"https:\/\/plaatjemetlogo.nl\/de\/?s={search_term_string}"},"query-input":{"@type":"PropertyValueSpecification","valueRequired":true,"valueName":"search_term_string"}}],"inLanguage":"de"}]}},"_links":{"self":[{"href":"https:\/\/plaatjemetlogo.nl\/de\/wp-json\/wp\/v2\/product\/1398","targetHints":{"allow":["GET"]}}],"collection":[{"href":"https:\/\/plaatjemetlogo.nl\/de\/wp-json\/wp\/v2\/product"}],"about":[{"href":"https:\/\/plaatjemetlogo.nl\/de\/wp-json\/wp\/v2\/types\/product"}],"wp:featuredmedia":[{"embeddable":true,"href":"https:\/\/plaatjemetlogo.nl\/de\/wp-json\/wp\/v2\/media\/1188"}],"wp:attachment":[{"href":"https:\/\/plaatjemetlogo.nl\/de\/wp-json\/wp\/v2\/media?parent=1398"}],"wp:term":[{"taxonomy":"product_brand","embeddable":true,"href":"https:\/\/plaatjemetlogo.nl\/de\/wp-json\/wp\/v2\/product_brand?post=1398"},{"taxonomy":"product_cat","embeddable":true,"href":"https:\/\/plaatjemetlogo.nl\/de\/wp-json\/wp\/v2\/product_cat?post=1398"},{"taxonomy":"product_tag","embeddable":true,"href":"https:\/\/plaatjemetlogo.nl\/de\/wp-json\/wp\/v2\/product_tag?post=1398"}],"curies":[{"name":"wp","href":"https:\/\/api.w.org\/{rel}","templated":true}]}}