{"id":1310,"date":"2021-04-11T10:20:17","date_gmt":"2021-04-11T10:20:17","guid":{"rendered":"https:\/\/plaatjemetlogo.nl\/product\/blum-scharnierkappe\/"},"modified":"2026-02-05T11:59:27","modified_gmt":"2026-02-05T10:59:27","slug":"blum-scharnierkappe","status":"publish","type":"product","link":"https:\/\/plaatjemetlogo.nl\/de\/product\/blum-scharnierkappe\/","title":{"rendered":"Blum Scharnierkappe"},"content":{"rendered":"<p>F\u00fcr Blum-Scharniere sind lose Abdeckkappen in schwarzer und vernickelter Ausf\u00fchrung erh\u00e4ltlich. Diese k\u00f6nnen mit Logo oder Text versehen werden. Da der Text oder das Logo gelasert wird, wird Material abgetragen. Im Gegensatz zum Druck bleibt dies auch bei Kratzern sichtbar. Bei den vernickelten Kappen wird eine braune\/graue Farbe erzielt. Bei den schwarzen Kappen wird die urspr\u00fcngliche silberne Grundfarbe wiederhergestellt.<\/p>\n<p>Das Logo wird immer eine Standardfarbe haben. Das ist die Farbe des zugrundeliegenden Materials.<br \/>\nDa jedes Material seine eigenen Eigenschaften hat, ist es m\u00f6glich, dass es kleine Farbabweichungen zwischen den Logos gibt.<\/p>\n<p>Haben Sie Zweifel? Kontaktieren Sie uns f\u00fcr eine Bestellung.<\/p>\n<p>Mit diesem Produkt ist es m\u00f6glich, Ihre selbst gekauften Caps an Plaatjemetlogo.nl zu schicken oder abzugeben. Sie m\u00fcssen nur f\u00fcr das Logo und nicht f\u00fcr die Kappen bezahlen. Auch in gr\u00f6\u00dferen Mengen erh\u00e4ltlich. Fragen Sie nach den M\u00f6glichkeiten.<\/p>\n","protected":false},"excerpt":{"rendered":"<p><strong>Bei diesem Produkt kaufen Sie nur das Logo f\u00fcr die Abdeckkappen.<\/strong><br \/>\nSelbst gekaufte Kappen k\u00f6nnen an unsere Postadresse geschickt werden, woraufhin sie mit dem Logo versehen werden.<br \/>\nF\u00fcr weitere Informationen kontaktieren Sie uns per Whatsapp oder per Mail.<\/p>\n<p>Die Mindestbestellmenge f\u00fcr dieses Produkt betr\u00e4gt <strong>100<\/strong> St\u00fcck.<\/p>\n<p>Wenn Sie mehr als <strong>1000<\/strong> St\u00fcck bestellen m\u00f6chten, wenden Sie sich bitte an <a href=\"mailto:info@plaatjemetlogo.nl\">info@plaatjemetlogo.nl<\/a> oder \u00fcber <a href=\"https:\/\/plaatjemetlogo.nl\/de\/kontakt\/\">Kontakt<\/a>.<\/p>\n<p>M\u00f6chten Sie, dass wir auch die M\u00fctzen besorgen? Das ist ab 500 St\u00fcck m\u00f6glich, kontaktieren Sie uns auch daf\u00fcr!<\/p>\n<p>&nbsp;<\/p>\n","protected":false},"featured_media":1164,"template":"","meta":{"_acf_changed":false},"product_brand":[],"product_cat":[61],"product_tag":[],"class_list":{"0":"post-1310","1":"product","2":"type-product","3":"status-publish","4":"has-post-thumbnail","6":"product_cat-blum-de","7":"entry","8":"has-media","10":"first","11":"instock","12":"taxable","13":"shipping-taxable","14":"purchasable","15":"product-type-variable"},"acf":[],"yoast_head":"<!-- This site is optimized with the Yoast SEO plugin v27.3 - https:\/\/yoast.com\/product\/yoast-seo-wordpress\/ -->\n<title>Blum Scharnierkappe - PlaatjemetLogo.nl<\/title>\n<meta name=\"robots\" content=\"index, follow, max-snippet:-1, max-image-preview:large, max-video-preview:-1\" \/>\n<link rel=\"canonical\" href=\"https:\/\/plaatjemetlogo.nl\/de\/product\/blum-scharnierkappe\/\" \/>\n<meta property=\"og:locale\" content=\"de_DE\" \/>\n<meta property=\"og:type\" content=\"article\" \/>\n<meta property=\"og:title\" content=\"Blum Scharnierkappe - PlaatjemetLogo.nl\" \/>\n<meta property=\"og:description\" content=\"Bei diesem Produkt kaufen Sie nur das Logo f\u00fcr die Abdeckkappen. Selbst gekaufte Kappen k\u00f6nnen an unsere Postadresse geschickt werden, woraufhin sie mit dem Logo versehen werden. F\u00fcr weitere Informationen kontaktieren Sie uns per Whatsapp oder per Mail.  Die Mindestbestellmenge f\u00fcr dieses Produkt betr\u00e4gt 100 St\u00fcck.  Wenn Sie mehr als 1000 St\u00fcck bestellen m\u00f6chten, wenden Sie sich bitte an info@plaatjemetlogo.nl oder \u00fcber Kontakt.  M\u00f6chten Sie, dass wir auch die M\u00fctzen besorgen? Das ist ab 500 St\u00fcck m\u00f6glich, kontaktieren Sie uns auch daf\u00fcr!  &nbsp;\" \/>\n<meta property=\"og:url\" content=\"https:\/\/plaatjemetlogo.nl\/de\/product\/blum-scharnierkappe\/\" \/>\n<meta property=\"og:site_name\" content=\"PlaatjemetLogo.nl\" \/>\n<meta property=\"article:modified_time\" content=\"2026-02-05T10:59:27+00:00\" \/>\n<meta property=\"og:image\" content=\"https:\/\/plaatjemetlogo.nl\/wp-content\/uploads\/2021\/04\/IMG_1875.jpg\" \/>\n\t<meta property=\"og:image:width\" content=\"640\" \/>\n\t<meta property=\"og:image:height\" content=\"640\" \/>\n\t<meta property=\"og:image:type\" content=\"image\/jpeg\" \/>\n<meta name=\"twitter:card\" content=\"summary_large_image\" \/>\n<meta name=\"twitter:label1\" content=\"Gesch\u00e4tzte Lesezeit\" \/>\n\t<meta name=\"twitter:data1\" content=\"1\u00a0Minute\" \/>\n<script type=\"application\/ld+json\" class=\"yoast-schema-graph\">{\"@context\":\"https:\\\/\\\/schema.org\",\"@graph\":[{\"@type\":\"WebPage\",\"@id\":\"https:\\\/\\\/plaatjemetlogo.nl\\\/de\\\/product\\\/blum-scharnierkappe\\\/\",\"url\":\"https:\\\/\\\/plaatjemetlogo.nl\\\/de\\\/product\\\/blum-scharnierkappe\\\/\",\"name\":\"Blum Scharnierkappe - PlaatjemetLogo.nl\",\"isPartOf\":{\"@id\":\"https:\\\/\\\/plaatjemetlogo.nl\\\/de\\\/#website\"},\"primaryImageOfPage\":{\"@id\":\"https:\\\/\\\/plaatjemetlogo.nl\\\/de\\\/product\\\/blum-scharnierkappe\\\/#primaryimage\"},\"image\":{\"@id\":\"https:\\\/\\\/plaatjemetlogo.nl\\\/de\\\/product\\\/blum-scharnierkappe\\\/#primaryimage\"},\"thumbnailUrl\":\"https:\\\/\\\/plaatjemetlogo.nl\\\/wp-content\\\/uploads\\\/2021\\\/04\\\/IMG_1875.jpg\",\"datePublished\":\"2021-04-11T10:20:17+00:00\",\"dateModified\":\"2026-02-05T10:59:27+00:00\",\"breadcrumb\":{\"@id\":\"https:\\\/\\\/plaatjemetlogo.nl\\\/de\\\/product\\\/blum-scharnierkappe\\\/#breadcrumb\"},\"inLanguage\":\"de\",\"potentialAction\":[{\"@type\":\"ReadAction\",\"target\":[\"https:\\\/\\\/plaatjemetlogo.nl\\\/de\\\/product\\\/blum-scharnierkappe\\\/\"]}]},{\"@type\":\"ImageObject\",\"inLanguage\":\"de\",\"@id\":\"https:\\\/\\\/plaatjemetlogo.nl\\\/de\\\/product\\\/blum-scharnierkappe\\\/#primaryimage\",\"url\":\"https:\\\/\\\/plaatjemetlogo.nl\\\/wp-content\\\/uploads\\\/2021\\\/04\\\/IMG_1875.jpg\",\"contentUrl\":\"https:\\\/\\\/plaatjemetlogo.nl\\\/wp-content\\\/uploads\\\/2021\\\/04\\\/IMG_1875.jpg\",\"width\":640,\"height\":640},{\"@type\":\"BreadcrumbList\",\"@id\":\"https:\\\/\\\/plaatjemetlogo.nl\\\/de\\\/product\\\/blum-scharnierkappe\\\/#breadcrumb\",\"itemListElement\":[{\"@type\":\"ListItem\",\"position\":1,\"name\":\"Home\",\"item\":\"https:\\\/\\\/plaatjemetlogo.nl\\\/de\\\/\"},{\"@type\":\"ListItem\",\"position\":2,\"name\":\"Shop\",\"item\":\"https:\\\/\\\/plaatjemetlogo.nl\\\/de\\\/shop\\\/\"},{\"@type\":\"ListItem\",\"position\":3,\"name\":\"Blum Scharnierkappe\"}]},{\"@type\":\"WebSite\",\"@id\":\"https:\\\/\\\/plaatjemetlogo.nl\\\/de\\\/#website\",\"url\":\"https:\\\/\\\/plaatjemetlogo.nl\\\/de\\\/\",\"name\":\"PlaatjemetLogo.nl\",\"description\":\"En nog een WordPress site\",\"potentialAction\":[{\"@type\":\"SearchAction\",\"target\":{\"@type\":\"EntryPoint\",\"urlTemplate\":\"https:\\\/\\\/plaatjemetlogo.nl\\\/de\\\/?s={search_term_string}\"},\"query-input\":{\"@type\":\"PropertyValueSpecification\",\"valueRequired\":true,\"valueName\":\"search_term_string\"}}],\"inLanguage\":\"de\"}]}<\/script>\n<!-- \/ Yoast SEO plugin. -->","yoast_head_json":{"title":"Blum Scharnierkappe - PlaatjemetLogo.nl","robots":{"index":"index","follow":"follow","max-snippet":"max-snippet:-1","max-image-preview":"max-image-preview:large","max-video-preview":"max-video-preview:-1"},"canonical":"https:\/\/plaatjemetlogo.nl\/de\/product\/blum-scharnierkappe\/","og_locale":"de_DE","og_type":"article","og_title":"Blum Scharnierkappe - PlaatjemetLogo.nl","og_description":"Bei diesem Produkt kaufen Sie nur das Logo f\u00fcr die Abdeckkappen. Selbst gekaufte Kappen k\u00f6nnen an unsere Postadresse geschickt werden, woraufhin sie mit dem Logo versehen werden. F\u00fcr weitere Informationen kontaktieren Sie uns per Whatsapp oder per Mail.  Die Mindestbestellmenge f\u00fcr dieses Produkt betr\u00e4gt 100 St\u00fcck.  Wenn Sie mehr als 1000 St\u00fcck bestellen m\u00f6chten, wenden Sie sich bitte an info@plaatjemetlogo.nl oder \u00fcber Kontakt.  M\u00f6chten Sie, dass wir auch die M\u00fctzen besorgen? Das ist ab 500 St\u00fcck m\u00f6glich, kontaktieren Sie uns auch daf\u00fcr!  &nbsp;","og_url":"https:\/\/plaatjemetlogo.nl\/de\/product\/blum-scharnierkappe\/","og_site_name":"PlaatjemetLogo.nl","article_modified_time":"2026-02-05T10:59:27+00:00","og_image":[{"width":640,"height":640,"url":"https:\/\/plaatjemetlogo.nl\/wp-content\/uploads\/2021\/04\/IMG_1875.jpg","type":"image\/jpeg"}],"twitter_card":"summary_large_image","twitter_misc":{"Gesch\u00e4tzte Lesezeit":"1\u00a0Minute"},"schema":{"@context":"https:\/\/schema.org","@graph":[{"@type":"WebPage","@id":"https:\/\/plaatjemetlogo.nl\/de\/product\/blum-scharnierkappe\/","url":"https:\/\/plaatjemetlogo.nl\/de\/product\/blum-scharnierkappe\/","name":"Blum Scharnierkappe - PlaatjemetLogo.nl","isPartOf":{"@id":"https:\/\/plaatjemetlogo.nl\/de\/#website"},"primaryImageOfPage":{"@id":"https:\/\/plaatjemetlogo.nl\/de\/product\/blum-scharnierkappe\/#primaryimage"},"image":{"@id":"https:\/\/plaatjemetlogo.nl\/de\/product\/blum-scharnierkappe\/#primaryimage"},"thumbnailUrl":"https:\/\/plaatjemetlogo.nl\/wp-content\/uploads\/2021\/04\/IMG_1875.jpg","datePublished":"2021-04-11T10:20:17+00:00","dateModified":"2026-02-05T10:59:27+00:00","breadcrumb":{"@id":"https:\/\/plaatjemetlogo.nl\/de\/product\/blum-scharnierkappe\/#breadcrumb"},"inLanguage":"de","potentialAction":[{"@type":"ReadAction","target":["https:\/\/plaatjemetlogo.nl\/de\/product\/blum-scharnierkappe\/"]}]},{"@type":"ImageObject","inLanguage":"de","@id":"https:\/\/plaatjemetlogo.nl\/de\/product\/blum-scharnierkappe\/#primaryimage","url":"https:\/\/plaatjemetlogo.nl\/wp-content\/uploads\/2021\/04\/IMG_1875.jpg","contentUrl":"https:\/\/plaatjemetlogo.nl\/wp-content\/uploads\/2021\/04\/IMG_1875.jpg","width":640,"height":640},{"@type":"BreadcrumbList","@id":"https:\/\/plaatjemetlogo.nl\/de\/product\/blum-scharnierkappe\/#breadcrumb","itemListElement":[{"@type":"ListItem","position":1,"name":"Home","item":"https:\/\/plaatjemetlogo.nl\/de\/"},{"@type":"ListItem","position":2,"name":"Shop","item":"https:\/\/plaatjemetlogo.nl\/de\/shop\/"},{"@type":"ListItem","position":3,"name":"Blum Scharnierkappe"}]},{"@type":"WebSite","@id":"https:\/\/plaatjemetlogo.nl\/de\/#website","url":"https:\/\/plaatjemetlogo.nl\/de\/","name":"PlaatjemetLogo.nl","description":"En nog een WordPress site","potentialAction":[{"@type":"SearchAction","target":{"@type":"EntryPoint","urlTemplate":"https:\/\/plaatjemetlogo.nl\/de\/?s={search_term_string}"},"query-input":{"@type":"PropertyValueSpecification","valueRequired":true,"valueName":"search_term_string"}}],"inLanguage":"de"}]}},"_links":{"self":[{"href":"https:\/\/plaatjemetlogo.nl\/de\/wp-json\/wp\/v2\/product\/1310","targetHints":{"allow":["GET"]}}],"collection":[{"href":"https:\/\/plaatjemetlogo.nl\/de\/wp-json\/wp\/v2\/product"}],"about":[{"href":"https:\/\/plaatjemetlogo.nl\/de\/wp-json\/wp\/v2\/types\/product"}],"wp:featuredmedia":[{"embeddable":true,"href":"https:\/\/plaatjemetlogo.nl\/de\/wp-json\/wp\/v2\/media\/1164"}],"wp:attachment":[{"href":"https:\/\/plaatjemetlogo.nl\/de\/wp-json\/wp\/v2\/media?parent=1310"}],"wp:term":[{"taxonomy":"product_brand","embeddable":true,"href":"https:\/\/plaatjemetlogo.nl\/de\/wp-json\/wp\/v2\/product_brand?post=1310"},{"taxonomy":"product_cat","embeddable":true,"href":"https:\/\/plaatjemetlogo.nl\/de\/wp-json\/wp\/v2\/product_cat?post=1310"},{"taxonomy":"product_tag","embeddable":true,"href":"https:\/\/plaatjemetlogo.nl\/de\/wp-json\/wp\/v2\/product_tag?post=1310"}],"curies":[{"name":"wp","href":"https:\/\/api.w.org\/{rel}","templated":true}]}}