{"id":1259,"date":"2021-04-08T11:49:18","date_gmt":"2021-04-08T09:49:18","guid":{"rendered":"https:\/\/plaatjemetlogo.nl\/product\/schluesselanhaenger-mit-flaschenoeffner\/"},"modified":"2025-03-21T13:49:40","modified_gmt":"2025-03-21T12:49:40","slug":"schluesselanhaenger-mit-flaschenoeffner","status":"publish","type":"product","link":"https:\/\/plaatjemetlogo.nl\/de\/product\/schluesselanhaenger-mit-flaschenoeffner\/","title":{"rendered":"Schl\u00fcsselanh\u00e4nger mit Flaschen\u00f6ffner"},"content":{"rendered":"<p>Dieser lustige Aluminium-Flaschen\u00f6ffner als Schl\u00fcsselanh\u00e4nger ist in verschiedenen Farben erh\u00e4ltlich. Die Beschichtung des \u00d6ffners erzeugt einen sch\u00f6nen Kontrast, wenn ein Text oder ein Logo in den \u00d6ffner gelasert wird. Ideal als Gesch\u00e4ftsgeschenk, f\u00fcr die Gruppe von Freunden oder als Gadget.<\/p>\n<p>Das Logo wird immer eine Standardfarbe haben. Das ist die Farbe des zugrundeliegenden Materials.<br \/>\nDa jedes Material seine eigenen Eigenschaften hat, ist es m\u00f6glich, dass es kleine Farbabweichungen zwischen den Logos gibt.<\/p>\n<p>Haben Sie Zweifel? Kontaktieren Sie uns f\u00fcr eine Bestellung.<\/p>\n","protected":false},"excerpt":{"rendered":"<p>Dieser lustige Aluminium-Flaschen\u00f6ffner als Schl\u00fcsselanh\u00e4nger ist in verschiedenen Farben erh\u00e4ltlich. Die Beschichtung des \u00d6ffners erzeugt einen sch\u00f6nen Kontrast, wenn ein Text oder ein Logo in den \u00d6ffner gelasert wird. Ideal als Gesch\u00e4ftsgeschenk, f\u00fcr die Gruppe von Freunden oder als Gadget. Das Logo wird immer eine Standardfarbe haben. Das ist die Farbe des zugrundeliegenden Materials. Da&hellip;<\/p>\n","protected":false},"featured_media":1089,"template":"","meta":{"_acf_changed":false},"product_brand":[],"product_cat":[60],"product_tag":[],"class_list":{"0":"post-1259","1":"product","2":"type-product","3":"status-publish","4":"has-post-thumbnail","6":"product_cat-flaschenoffner","7":"entry","8":"has-media","10":"first","11":"instock","12":"taxable","13":"shipping-taxable","14":"purchasable","15":"product-type-variable"},"acf":[],"yoast_head":"<!-- This site is optimized with the Yoast SEO plugin v26.9 - https:\/\/yoast.com\/product\/yoast-seo-wordpress\/ -->\n<title>Schl\u00fcsselanh\u00e4nger mit Flaschen\u00f6ffner - PlaatjemetLogo.nl<\/title>\n<meta name=\"robots\" content=\"index, follow, max-snippet:-1, max-image-preview:large, max-video-preview:-1\" \/>\n<link rel=\"canonical\" href=\"https:\/\/plaatjemetlogo.nl\/de\/product\/schluesselanhaenger-mit-flaschenoeffner\/\" \/>\n<meta property=\"og:locale\" content=\"de_DE\" \/>\n<meta property=\"og:type\" content=\"article\" \/>\n<meta property=\"og:title\" content=\"Schl\u00fcsselanh\u00e4nger mit Flaschen\u00f6ffner - PlaatjemetLogo.nl\" \/>\n<meta property=\"og:description\" content=\"Dieser lustige Aluminium-Flaschen\u00f6ffner als Schl\u00fcsselanh\u00e4nger ist in verschiedenen Farben erh\u00e4ltlich. Die Beschichtung des \u00d6ffners erzeugt einen sch\u00f6nen Kontrast, wenn ein Text oder ein Logo in den \u00d6ffner gelasert wird. Ideal als Gesch\u00e4ftsgeschenk, f\u00fcr die Gruppe von Freunden oder als Gadget. Das Logo wird immer eine Standardfarbe haben. Das ist die Farbe des zugrundeliegenden Materials. Da&hellip;\" \/>\n<meta property=\"og:url\" content=\"https:\/\/plaatjemetlogo.nl\/de\/product\/schluesselanhaenger-mit-flaschenoeffner\/\" \/>\n<meta property=\"og:site_name\" content=\"PlaatjemetLogo.nl\" \/>\n<meta property=\"article:modified_time\" content=\"2025-03-21T12:49:40+00:00\" \/>\n<meta property=\"og:image\" content=\"https:\/\/plaatjemetlogo.nl\/wp-content\/uploads\/2021\/04\/bieropener-sleutelhanger.jpg\" \/>\n\t<meta property=\"og:image:width\" content=\"640\" \/>\n\t<meta property=\"og:image:height\" content=\"640\" \/>\n\t<meta property=\"og:image:type\" content=\"image\/jpeg\" \/>\n<meta name=\"twitter:card\" content=\"summary_large_image\" \/>\n<meta name=\"twitter:label1\" content=\"Gesch\u00e4tzte Lesezeit\" \/>\n\t<meta name=\"twitter:data1\" content=\"1\u00a0Minute\" \/>\n<script type=\"application\/ld+json\" class=\"yoast-schema-graph\">{\"@context\":\"https:\/\/schema.org\",\"@graph\":[{\"@type\":\"WebPage\",\"@id\":\"https:\/\/plaatjemetlogo.nl\/de\/product\/schluesselanhaenger-mit-flaschenoeffner\/\",\"url\":\"https:\/\/plaatjemetlogo.nl\/de\/product\/schluesselanhaenger-mit-flaschenoeffner\/\",\"name\":\"Schl\u00fcsselanh\u00e4nger mit Flaschen\u00f6ffner - PlaatjemetLogo.nl\",\"isPartOf\":{\"@id\":\"https:\/\/plaatjemetlogo.nl\/de\/#website\"},\"primaryImageOfPage\":{\"@id\":\"https:\/\/plaatjemetlogo.nl\/de\/product\/schluesselanhaenger-mit-flaschenoeffner\/#primaryimage\"},\"image\":{\"@id\":\"https:\/\/plaatjemetlogo.nl\/de\/product\/schluesselanhaenger-mit-flaschenoeffner\/#primaryimage\"},\"thumbnailUrl\":\"https:\/\/plaatjemetlogo.nl\/wp-content\/uploads\/2021\/04\/bieropener-sleutelhanger.jpg\",\"datePublished\":\"2021-04-08T09:49:18+00:00\",\"dateModified\":\"2025-03-21T12:49:40+00:00\",\"breadcrumb\":{\"@id\":\"https:\/\/plaatjemetlogo.nl\/de\/product\/schluesselanhaenger-mit-flaschenoeffner\/#breadcrumb\"},\"inLanguage\":\"de\",\"potentialAction\":[{\"@type\":\"ReadAction\",\"target\":[\"https:\/\/plaatjemetlogo.nl\/de\/product\/schluesselanhaenger-mit-flaschenoeffner\/\"]}]},{\"@type\":\"ImageObject\",\"inLanguage\":\"de\",\"@id\":\"https:\/\/plaatjemetlogo.nl\/de\/product\/schluesselanhaenger-mit-flaschenoeffner\/#primaryimage\",\"url\":\"https:\/\/plaatjemetlogo.nl\/wp-content\/uploads\/2021\/04\/bieropener-sleutelhanger.jpg\",\"contentUrl\":\"https:\/\/plaatjemetlogo.nl\/wp-content\/uploads\/2021\/04\/bieropener-sleutelhanger.jpg\",\"width\":640,\"height\":640},{\"@type\":\"BreadcrumbList\",\"@id\":\"https:\/\/plaatjemetlogo.nl\/de\/product\/schluesselanhaenger-mit-flaschenoeffner\/#breadcrumb\",\"itemListElement\":[{\"@type\":\"ListItem\",\"position\":1,\"name\":\"Home\",\"item\":\"https:\/\/plaatjemetlogo.nl\/de\/\"},{\"@type\":\"ListItem\",\"position\":2,\"name\":\"Shop\",\"item\":\"https:\/\/plaatjemetlogo.nl\/de\/shop\/\"},{\"@type\":\"ListItem\",\"position\":3,\"name\":\"Schl\u00fcsselanh\u00e4nger mit Flaschen\u00f6ffner\"}]},{\"@type\":\"WebSite\",\"@id\":\"https:\/\/plaatjemetlogo.nl\/de\/#website\",\"url\":\"https:\/\/plaatjemetlogo.nl\/de\/\",\"name\":\"PlaatjemetLogo.nl\",\"description\":\"En nog een WordPress site\",\"potentialAction\":[{\"@type\":\"SearchAction\",\"target\":{\"@type\":\"EntryPoint\",\"urlTemplate\":\"https:\/\/plaatjemetlogo.nl\/de\/?s={search_term_string}\"},\"query-input\":{\"@type\":\"PropertyValueSpecification\",\"valueRequired\":true,\"valueName\":\"search_term_string\"}}],\"inLanguage\":\"de\"}]}<\/script>\n<!-- \/ Yoast SEO plugin. -->","yoast_head_json":{"title":"Schl\u00fcsselanh\u00e4nger mit Flaschen\u00f6ffner - PlaatjemetLogo.nl","robots":{"index":"index","follow":"follow","max-snippet":"max-snippet:-1","max-image-preview":"max-image-preview:large","max-video-preview":"max-video-preview:-1"},"canonical":"https:\/\/plaatjemetlogo.nl\/de\/product\/schluesselanhaenger-mit-flaschenoeffner\/","og_locale":"de_DE","og_type":"article","og_title":"Schl\u00fcsselanh\u00e4nger mit Flaschen\u00f6ffner - PlaatjemetLogo.nl","og_description":"Dieser lustige Aluminium-Flaschen\u00f6ffner als Schl\u00fcsselanh\u00e4nger ist in verschiedenen Farben erh\u00e4ltlich. Die Beschichtung des \u00d6ffners erzeugt einen sch\u00f6nen Kontrast, wenn ein Text oder ein Logo in den \u00d6ffner gelasert wird. Ideal als Gesch\u00e4ftsgeschenk, f\u00fcr die Gruppe von Freunden oder als Gadget. Das Logo wird immer eine Standardfarbe haben. Das ist die Farbe des zugrundeliegenden Materials. Da&hellip;","og_url":"https:\/\/plaatjemetlogo.nl\/de\/product\/schluesselanhaenger-mit-flaschenoeffner\/","og_site_name":"PlaatjemetLogo.nl","article_modified_time":"2025-03-21T12:49:40+00:00","og_image":[{"width":640,"height":640,"url":"https:\/\/plaatjemetlogo.nl\/wp-content\/uploads\/2021\/04\/bieropener-sleutelhanger.jpg","type":"image\/jpeg"}],"twitter_card":"summary_large_image","twitter_misc":{"Gesch\u00e4tzte Lesezeit":"1\u00a0Minute"},"schema":{"@context":"https:\/\/schema.org","@graph":[{"@type":"WebPage","@id":"https:\/\/plaatjemetlogo.nl\/de\/product\/schluesselanhaenger-mit-flaschenoeffner\/","url":"https:\/\/plaatjemetlogo.nl\/de\/product\/schluesselanhaenger-mit-flaschenoeffner\/","name":"Schl\u00fcsselanh\u00e4nger mit Flaschen\u00f6ffner - PlaatjemetLogo.nl","isPartOf":{"@id":"https:\/\/plaatjemetlogo.nl\/de\/#website"},"primaryImageOfPage":{"@id":"https:\/\/plaatjemetlogo.nl\/de\/product\/schluesselanhaenger-mit-flaschenoeffner\/#primaryimage"},"image":{"@id":"https:\/\/plaatjemetlogo.nl\/de\/product\/schluesselanhaenger-mit-flaschenoeffner\/#primaryimage"},"thumbnailUrl":"https:\/\/plaatjemetlogo.nl\/wp-content\/uploads\/2021\/04\/bieropener-sleutelhanger.jpg","datePublished":"2021-04-08T09:49:18+00:00","dateModified":"2025-03-21T12:49:40+00:00","breadcrumb":{"@id":"https:\/\/plaatjemetlogo.nl\/de\/product\/schluesselanhaenger-mit-flaschenoeffner\/#breadcrumb"},"inLanguage":"de","potentialAction":[{"@type":"ReadAction","target":["https:\/\/plaatjemetlogo.nl\/de\/product\/schluesselanhaenger-mit-flaschenoeffner\/"]}]},{"@type":"ImageObject","inLanguage":"de","@id":"https:\/\/plaatjemetlogo.nl\/de\/product\/schluesselanhaenger-mit-flaschenoeffner\/#primaryimage","url":"https:\/\/plaatjemetlogo.nl\/wp-content\/uploads\/2021\/04\/bieropener-sleutelhanger.jpg","contentUrl":"https:\/\/plaatjemetlogo.nl\/wp-content\/uploads\/2021\/04\/bieropener-sleutelhanger.jpg","width":640,"height":640},{"@type":"BreadcrumbList","@id":"https:\/\/plaatjemetlogo.nl\/de\/product\/schluesselanhaenger-mit-flaschenoeffner\/#breadcrumb","itemListElement":[{"@type":"ListItem","position":1,"name":"Home","item":"https:\/\/plaatjemetlogo.nl\/de\/"},{"@type":"ListItem","position":2,"name":"Shop","item":"https:\/\/plaatjemetlogo.nl\/de\/shop\/"},{"@type":"ListItem","position":3,"name":"Schl\u00fcsselanh\u00e4nger mit Flaschen\u00f6ffner"}]},{"@type":"WebSite","@id":"https:\/\/plaatjemetlogo.nl\/de\/#website","url":"https:\/\/plaatjemetlogo.nl\/de\/","name":"PlaatjemetLogo.nl","description":"En nog een WordPress site","potentialAction":[{"@type":"SearchAction","target":{"@type":"EntryPoint","urlTemplate":"https:\/\/plaatjemetlogo.nl\/de\/?s={search_term_string}"},"query-input":{"@type":"PropertyValueSpecification","valueRequired":true,"valueName":"search_term_string"}}],"inLanguage":"de"}]}},"_links":{"self":[{"href":"https:\/\/plaatjemetlogo.nl\/de\/wp-json\/wp\/v2\/product\/1259","targetHints":{"allow":["GET"]}}],"collection":[{"href":"https:\/\/plaatjemetlogo.nl\/de\/wp-json\/wp\/v2\/product"}],"about":[{"href":"https:\/\/plaatjemetlogo.nl\/de\/wp-json\/wp\/v2\/types\/product"}],"wp:featuredmedia":[{"embeddable":true,"href":"https:\/\/plaatjemetlogo.nl\/de\/wp-json\/wp\/v2\/media\/1089"}],"wp:attachment":[{"href":"https:\/\/plaatjemetlogo.nl\/de\/wp-json\/wp\/v2\/media?parent=1259"}],"wp:term":[{"taxonomy":"product_brand","embeddable":true,"href":"https:\/\/plaatjemetlogo.nl\/de\/wp-json\/wp\/v2\/product_brand?post=1259"},{"taxonomy":"product_cat","embeddable":true,"href":"https:\/\/plaatjemetlogo.nl\/de\/wp-json\/wp\/v2\/product_cat?post=1259"},{"taxonomy":"product_tag","embeddable":true,"href":"https:\/\/plaatjemetlogo.nl\/de\/wp-json\/wp\/v2\/product_tag?post=1259"}],"curies":[{"name":"wp","href":"https:\/\/api.w.org\/{rel}","templated":true}]}}