{"id":1420,"date":"2021-03-28T09:38:41","date_gmt":"2021-03-28T07:38:41","guid":{"rendered":"https:\/\/plaatjemetlogo.nl\/datenschutzbestimmungen\/"},"modified":"2025-03-21T09:36:51","modified_gmt":"2025-03-21T08:36:51","slug":"datenschutzbestimmungen","status":"publish","type":"page","link":"https:\/\/plaatjemetlogo.nl\/de\/datenschutzbestimmungen\/","title":{"rendered":"Datenschutzbestimmungen"},"content":{"rendered":"<div class=\"wpb-content-wrapper\">[vc_row gap=&#8220;30&#8243; tablet_fullwidth_cols=&#8220;yes&#8220;][vc_column][vc_row_inner][vc_column_inner width=&#8220;1\/2&#8243;][vc_column_text]Dies ist die Datenschutzerkl\u00e4rung von HighLow Laser und Plaatjemetlogo.nl, mit Sitz in Heiloo und eingetragen im Handelsregister unter der Nummer 77491025.[\/vc_column_text][\/vc_column_inner][vc_column_inner width=&#8220;1\/2&#8243;][\/vc_column_inner][\/vc_row_inner][vc_row_inner remove_bottom_col_margin=&#8220;true&#8220;][vc_column_inner width=&#8220;2\/3&#8243;]<div class=\"vcex-module vcex-teaser wpex-flex wpex-flex-col vc_custom_1620290875604\"><div class=\"vcex-teaser-content\"><h2 class=\"vcex-teaser-heading wpex-heading wpex-text-lg\">Ihre Privatsph\u00e4re ist wichtig f\u00fcr uns<\/h2><div class=\"vcex-teaser-text wpex-mt-10 wpex-last-mb-0 wpex-clr\"><p>Plaatjemetlogo.nl ist sich der Bedeutung Ihrer Privatsph\u00e4re bewusst und wird Ihre pers\u00f6nlichen Daten sicher behandeln. Mit dieser Datenschutzerkl\u00e4rung m\u00f6chten wir jeden, von dem Plaatjemetlogo.nl Daten verarbeitet, dar\u00fcber informieren, warum diese Daten verarbeitet werden und welche Rechte mit dieser<br \/>\nverbunden sind.<\/p>\n<\/div><\/div><\/div><div class=\"vcex-module vcex-teaser wpex-flex wpex-flex-col vc_custom_1620290879490\"><div class=\"vcex-teaser-content\"><h2 class=\"vcex-teaser-heading wpex-heading wpex-text-lg\">Der Grund, warum wir Ihre pers\u00f6nlichen Daten verarbeiten<\/h2><div class=\"vcex-teaser-text wpex-mt-10 wpex-last-mb-0 wpex-clr\"><p>Personenbezogene Daten werden nur verarbeitet, wenn dies gem\u00e4\u00df Artikel 6 der Allgemeinen Datenschutzverordnung (besser bekannt als AVG) zul\u00e4ssig ist. Das bedeutet, dass eine solche Verarbeitung entweder notwendig ist oder dass wir Ihre ausdr\u00fcckliche Zustimmung dazu haben.<\/p>\n<\/div><\/div><\/div><div class=\"vcex-module vcex-teaser wpex-flex wpex-flex-col vc_custom_1620290905913\"><div class=\"vcex-teaser-content\"><h2 class=\"vcex-teaser-heading wpex-heading wpex-text-lg\">Datenschutz auf der Website<\/h2><div class=\"vcex-teaser-text wpex-mt-10 wpex-last-mb-0 wpex-clr\"><p>Plaatjemetlogo.nl respektiert die Privatsph\u00e4re aller Besucher seiner Website. Die einzigen Informationen, die bei Ihrem Besuch unserer Website erfasst und gespeichert werden, sind die Adresse des Computers, mit dem Sie unsere Website besuchen, der Typ und die Version des Browsers, den Sie verwenden, die besuchten Seiten sowie Datum und Uhrzeit Ihres Besuchs. Diese Informationen werden zur Bewertung und Verbesserung der Website verwendet.<\/p>\n<\/div><\/div><\/div><div class=\"vcex-module vcex-teaser wpex-flex wpex-flex-col vc_custom_1620290932091\"><div class=\"vcex-teaser-content\"><h2 class=\"vcex-teaser-heading wpex-heading wpex-text-lg\">Aufbewahrungsfrist<\/h2><div class=\"vcex-teaser-text wpex-mt-10 wpex-last-mb-0 wpex-clr\"><p>Plaatjemetlogo.nl l\u00f6scht Ihre personenbezogenen Daten in dem Moment, in dem die Verarbeitung Ihrer personenbezogenen Daten f\u00fcr die Zwecke, f\u00fcr die wir Ihre Daten erhoben haben, nicht mehr erforderlich ist. Plaatjemetlogo.nl bewahrt Ihre Daten nur dann l\u00e4nger auf, wenn dies f\u00fcr die Erf\u00fcllung einer gesetzlichen Verpflichtung erforderlich ist.<\/p>\n<\/div><\/div><\/div><div class=\"vcex-module vcex-teaser wpex-flex wpex-flex-col vc_custom_1620290950077\"><div class=\"vcex-teaser-content\"><h2 class=\"vcex-teaser-heading wpex-heading wpex-text-lg\">Weiterleitung an Dritte<\/h2><div class=\"vcex-teaser-text wpex-mt-10 wpex-last-mb-0 wpex-clr\"><p>Grunds\u00e4tzlich wird Plaatjemetlogo.nl keine pers\u00f6nlichen Daten an Dritte weitergeben, wenn dies nicht notwendig ist. Plaatjemetlogo.nl tut dies nur, wenn dies f\u00fcr die Ausf\u00fchrung seiner Aufgaben notwendig ist. Sollte Plaatjemetlogo.nl Ihre Daten an einen Dritten weitergeben, wird Plaatjemetlogo.nl die geltenden Rechtsvorschriften ber\u00fccksichtigen. <\/p>\n<\/div><\/div><\/div><div class=\"vcex-module vcex-teaser wpex-flex wpex-flex-col vc_custom_1620290991351\"><div class=\"vcex-teaser-content\"><h2 class=\"vcex-teaser-heading wpex-heading wpex-text-lg\">Ihre Rechte<\/h2><div class=\"vcex-teaser-text wpex-mt-10 wpex-last-mb-0 wpex-clr\"><p>Wenn Ihre pers\u00f6nlichen Daten von Plaatjemetlogo.nl verarbeitet werden, haben Sie bestimmte Rechte. Sie haben das Recht auf: <\/p>\n<ul>\n<li>Recht auf Zugang zu Ihren Daten;<\/li>\n<li>Recht auf Vergessenheit;<\/li>\n<li>Recht auf Berichtigung;<\/li>\n<li>Recht auf Daten\u00fcbertragbarkeit;<\/li>\n<li>Recht auf Einschr\u00e4nkung der Verarbeitung;<\/li>\n<li>Recht auf Widerspruch.<\/li>\n<\/ul>\n<p>Plaatjemetlogo.nl wird alle Anfragen pr\u00fcfen und innerhalb eines angemessenen Zeitrahmens beantworten. Wenn Plaatjemetlogo.nl beschlie\u00dft, Ihrer Anfrage nicht nachzukommen, wird Plaatjemetlogo.nl Sie entsprechend informieren. Plaatjemetlogo.nl kann Sie bei einer Anfrage um weitere Informationen bitten, damit wir Ihre Identit\u00e4t best\u00e4tigen k\u00f6nnen.<\/p>\n<\/div><\/div><\/div><div class=\"vcex-module vcex-teaser wpex-flex wpex-flex-col vc_custom_1620291005436\"><div class=\"vcex-teaser-content\"><h2 class=\"vcex-teaser-heading wpex-heading wpex-text-lg\">\u00c4nderungen<\/h2><div class=\"vcex-teaser-text wpex-mt-10 wpex-last-mb-0 wpex-clr\"><p>Plaatjemetlogo.nl kann diese Datenschutzerkl\u00e4rung ohne vorherige Ank\u00fcndigung \u00e4ndern. Wenn wir diese Datenschutzerkl\u00e4rung \u00e4ndern, wird die ge\u00e4nderte Version auf dieser Seite erscheinen. Es ist ratsam, diese Seite auf eventuelle \u00c4nderungen hin zu \u00fcberpr\u00fcfen.<\/p>\n<\/div><\/div><\/div><div class=\"vcex-module vcex-teaser wpex-flex wpex-flex-col vc_custom_1620291037446\"><div class=\"vcex-teaser-content\"><h2 class=\"vcex-teaser-heading wpex-heading wpex-text-lg\">Fragen und Kontakt zum Datenschutzbeauftragten<\/h2><div class=\"vcex-teaser-text wpex-mt-10 wpex-last-mb-0 wpex-clr\"><p>Bei Fragen und\/oder Beschwerden bez\u00fcglich der Verarbeitung Ihrer pers\u00f6nlichen Daten wenden Sie sich bitte an uns: <a href=\"mailto:info@highlowlaser.nl\">info@highlowlaser.nl.<\/a> Wir werden unser Bestes tun, um Fragen angemessen und klar zu beantworten und Beschwerden nach bestem Wissen und Gewissen zu l\u00f6sen.<\/p>\n<\/div><\/div><\/div>[\/vc_column_inner][vc_column_inner width=&#8220;1\/3&#8243;][\/vc_column_inner][\/vc_row_inner][vc_row_inner][vc_column_inner width=&#8220;1\/2&#8243;][vc_column_text]Zuletzt ge\u00e4ndert am: 12 April 2021[\/vc_column_text][\/vc_column_inner][vc_column_inner width=&#8220;1\/2&#8243;][\/vc_column_inner][\/vc_row_inner][\/vc_column][\/vc_row]\n<\/div>","protected":false},"excerpt":{"rendered":"<p>[vc_row gap=&#8220;30&#8243; tablet_fullwidth_cols=&#8220;yes&#8220;][vc_column][vc_row_inner][vc_column_inner width=&#8220;1\/2&#8243;][vc_column_text]Dies ist die Datenschutzerkl\u00e4rung von HighLow Laser und Plaatjemetlogo.nl, mit Sitz in Heiloo und eingetragen im Handelsregister unter der Nummer 77491025.[\/vc_column_text][\/vc_column_inner][vc_column_inner width=&#8220;1\/2&#8243;][\/vc_column_inner][\/vc_row_inner][vc_row_inner remove_bottom_col_margin=&#8220;true&#8220;][vc_column_inner width=&#8220;2\/3&#8243;][\/vc_column_inner][vc_column_inner width=&#8220;1\/3&#8243;][\/vc_column_inner][\/vc_row_inner][vc_row_inner][vc_column_inner width=&#8220;1\/2&#8243;][vc_column_text]Zuletzt ge\u00e4ndert am: 12 April 2021[\/vc_column_text][\/vc_column_inner][vc_column_inner width=&#8220;1\/2&#8243;][\/vc_column_inner][\/vc_row_inner][\/vc_column][\/vc_row]<\/p>\n","protected":false},"author":1,"featured_media":0,"parent":0,"menu_order":0,"comment_status":"closed","ping_status":"closed","template":"","meta":{"_acf_changed":false,"footnotes":""},"class_list":["post-1420","page","type-page","status-publish","hentry","entry","no-media"],"acf":[],"yoast_head":"<!-- This site is optimized with the Yoast SEO plugin v27.3 - https:\/\/yoast.com\/product\/yoast-seo-wordpress\/ -->\n<title>Datenschutzbestimmungen - PlaatjemetLogo.nl<\/title>\n<meta name=\"robots\" content=\"index, follow, max-snippet:-1, max-image-preview:large, max-video-preview:-1\" \/>\n<link rel=\"canonical\" href=\"https:\/\/plaatjemetlogo.nl\/de\/datenschutzbestimmungen\/\" \/>\n<meta property=\"og:locale\" content=\"de_DE\" \/>\n<meta property=\"og:type\" content=\"article\" \/>\n<meta property=\"og:title\" content=\"Datenschutzbestimmungen - PlaatjemetLogo.nl\" \/>\n<meta property=\"og:description\" content=\"[vc_row gap=&#8220;30&#8243; tablet_fullwidth_cols=&#8220;yes&#8220;][vc_column][vc_row_inner][vc_column_inner width=&#8220;1\/2&#8243;][vc_column_text]Dies ist die Datenschutzerkl\u00e4rung von HighLow Laser und Plaatjemetlogo.nl, mit Sitz in Heiloo und eingetragen im Handelsregister unter der Nummer 77491025.[\/vc_column_text][\/vc_column_inner][vc_column_inner width=&#8220;1\/2&#8243;][\/vc_column_inner][\/vc_row_inner][vc_row_inner remove_bottom_col_margin=&#8220;true&#8220;][vc_column_inner width=&#8220;2\/3&#8243;][\/vc_column_inner][vc_column_inner width=&#8220;1\/3&#8243;][\/vc_column_inner][\/vc_row_inner][vc_row_inner][vc_column_inner width=&#8220;1\/2&#8243;][vc_column_text]Zuletzt ge\u00e4ndert am: 12 April 2021[\/vc_column_text][\/vc_column_inner][vc_column_inner width=&#8220;1\/2&#8243;][\/vc_column_inner][\/vc_row_inner][\/vc_column][\/vc_row]\" \/>\n<meta property=\"og:url\" content=\"https:\/\/plaatjemetlogo.nl\/de\/datenschutzbestimmungen\/\" \/>\n<meta property=\"og:site_name\" content=\"PlaatjemetLogo.nl\" \/>\n<meta property=\"article:modified_time\" content=\"2025-03-21T08:36:51+00:00\" \/>\n<meta name=\"twitter:card\" content=\"summary_large_image\" \/>\n<meta name=\"twitter:label1\" content=\"Gesch\u00e4tzte Lesezeit\" \/>\n\t<meta name=\"twitter:data1\" content=\"6\u00a0Minuten\" \/>\n<script type=\"application\/ld+json\" class=\"yoast-schema-graph\">{\"@context\":\"https:\\\/\\\/schema.org\",\"@graph\":[{\"@type\":\"WebPage\",\"@id\":\"https:\\\/\\\/plaatjemetlogo.nl\\\/de\\\/datenschutzbestimmungen\\\/\",\"url\":\"https:\\\/\\\/plaatjemetlogo.nl\\\/de\\\/datenschutzbestimmungen\\\/\",\"name\":\"Datenschutzbestimmungen - PlaatjemetLogo.nl\",\"isPartOf\":{\"@id\":\"https:\\\/\\\/plaatjemetlogo.nl\\\/de\\\/#website\"},\"datePublished\":\"2021-03-28T07:38:41+00:00\",\"dateModified\":\"2025-03-21T08:36:51+00:00\",\"breadcrumb\":{\"@id\":\"https:\\\/\\\/plaatjemetlogo.nl\\\/de\\\/datenschutzbestimmungen\\\/#breadcrumb\"},\"inLanguage\":\"de\",\"potentialAction\":[{\"@type\":\"ReadAction\",\"target\":[\"https:\\\/\\\/plaatjemetlogo.nl\\\/de\\\/datenschutzbestimmungen\\\/\"]}]},{\"@type\":\"BreadcrumbList\",\"@id\":\"https:\\\/\\\/plaatjemetlogo.nl\\\/de\\\/datenschutzbestimmungen\\\/#breadcrumb\",\"itemListElement\":[{\"@type\":\"ListItem\",\"position\":1,\"name\":\"Home\",\"item\":\"https:\\\/\\\/plaatjemetlogo.nl\\\/de\\\/\"},{\"@type\":\"ListItem\",\"position\":2,\"name\":\"Datenschutzbestimmungen\"}]},{\"@type\":\"WebSite\",\"@id\":\"https:\\\/\\\/plaatjemetlogo.nl\\\/de\\\/#website\",\"url\":\"https:\\\/\\\/plaatjemetlogo.nl\\\/de\\\/\",\"name\":\"PlaatjemetLogo.nl\",\"description\":\"En nog een WordPress site\",\"potentialAction\":[{\"@type\":\"SearchAction\",\"target\":{\"@type\":\"EntryPoint\",\"urlTemplate\":\"https:\\\/\\\/plaatjemetlogo.nl\\\/de\\\/?s={search_term_string}\"},\"query-input\":{\"@type\":\"PropertyValueSpecification\",\"valueRequired\":true,\"valueName\":\"search_term_string\"}}],\"inLanguage\":\"de\"}]}<\/script>\n<!-- \/ Yoast SEO plugin. -->","yoast_head_json":{"title":"Datenschutzbestimmungen - PlaatjemetLogo.nl","robots":{"index":"index","follow":"follow","max-snippet":"max-snippet:-1","max-image-preview":"max-image-preview:large","max-video-preview":"max-video-preview:-1"},"canonical":"https:\/\/plaatjemetlogo.nl\/de\/datenschutzbestimmungen\/","og_locale":"de_DE","og_type":"article","og_title":"Datenschutzbestimmungen - PlaatjemetLogo.nl","og_description":"[vc_row gap=&#8220;30&#8243; tablet_fullwidth_cols=&#8220;yes&#8220;][vc_column][vc_row_inner][vc_column_inner width=&#8220;1\/2&#8243;][vc_column_text]Dies ist die Datenschutzerkl\u00e4rung von HighLow Laser und Plaatjemetlogo.nl, mit Sitz in Heiloo und eingetragen im Handelsregister unter der Nummer 77491025.[\/vc_column_text][\/vc_column_inner][vc_column_inner width=&#8220;1\/2&#8243;][\/vc_column_inner][\/vc_row_inner][vc_row_inner remove_bottom_col_margin=&#8220;true&#8220;][vc_column_inner width=&#8220;2\/3&#8243;][\/vc_column_inner][vc_column_inner width=&#8220;1\/3&#8243;][\/vc_column_inner][\/vc_row_inner][vc_row_inner][vc_column_inner width=&#8220;1\/2&#8243;][vc_column_text]Zuletzt ge\u00e4ndert am: 12 April 2021[\/vc_column_text][\/vc_column_inner][vc_column_inner width=&#8220;1\/2&#8243;][\/vc_column_inner][\/vc_row_inner][\/vc_column][\/vc_row]","og_url":"https:\/\/plaatjemetlogo.nl\/de\/datenschutzbestimmungen\/","og_site_name":"PlaatjemetLogo.nl","article_modified_time":"2025-03-21T08:36:51+00:00","twitter_card":"summary_large_image","twitter_misc":{"Gesch\u00e4tzte Lesezeit":"6\u00a0Minuten"},"schema":{"@context":"https:\/\/schema.org","@graph":[{"@type":"WebPage","@id":"https:\/\/plaatjemetlogo.nl\/de\/datenschutzbestimmungen\/","url":"https:\/\/plaatjemetlogo.nl\/de\/datenschutzbestimmungen\/","name":"Datenschutzbestimmungen - PlaatjemetLogo.nl","isPartOf":{"@id":"https:\/\/plaatjemetlogo.nl\/de\/#website"},"datePublished":"2021-03-28T07:38:41+00:00","dateModified":"2025-03-21T08:36:51+00:00","breadcrumb":{"@id":"https:\/\/plaatjemetlogo.nl\/de\/datenschutzbestimmungen\/#breadcrumb"},"inLanguage":"de","potentialAction":[{"@type":"ReadAction","target":["https:\/\/plaatjemetlogo.nl\/de\/datenschutzbestimmungen\/"]}]},{"@type":"BreadcrumbList","@id":"https:\/\/plaatjemetlogo.nl\/de\/datenschutzbestimmungen\/#breadcrumb","itemListElement":[{"@type":"ListItem","position":1,"name":"Home","item":"https:\/\/plaatjemetlogo.nl\/de\/"},{"@type":"ListItem","position":2,"name":"Datenschutzbestimmungen"}]},{"@type":"WebSite","@id":"https:\/\/plaatjemetlogo.nl\/de\/#website","url":"https:\/\/plaatjemetlogo.nl\/de\/","name":"PlaatjemetLogo.nl","description":"En nog een WordPress site","potentialAction":[{"@type":"SearchAction","target":{"@type":"EntryPoint","urlTemplate":"https:\/\/plaatjemetlogo.nl\/de\/?s={search_term_string}"},"query-input":{"@type":"PropertyValueSpecification","valueRequired":true,"valueName":"search_term_string"}}],"inLanguage":"de"}]}},"_links":{"self":[{"href":"https:\/\/plaatjemetlogo.nl\/de\/wp-json\/wp\/v2\/pages\/1420","targetHints":{"allow":["GET"]}}],"collection":[{"href":"https:\/\/plaatjemetlogo.nl\/de\/wp-json\/wp\/v2\/pages"}],"about":[{"href":"https:\/\/plaatjemetlogo.nl\/de\/wp-json\/wp\/v2\/types\/page"}],"author":[{"embeddable":true,"href":"https:\/\/plaatjemetlogo.nl\/de\/wp-json\/wp\/v2\/users\/1"}],"replies":[{"embeddable":true,"href":"https:\/\/plaatjemetlogo.nl\/de\/wp-json\/wp\/v2\/comments?post=1420"}],"version-history":[{"count":1,"href":"https:\/\/plaatjemetlogo.nl\/de\/wp-json\/wp\/v2\/pages\/1420\/revisions"}],"predecessor-version":[{"id":1423,"href":"https:\/\/plaatjemetlogo.nl\/de\/wp-json\/wp\/v2\/pages\/1420\/revisions\/1423"}],"wp:attachment":[{"href":"https:\/\/plaatjemetlogo.nl\/de\/wp-json\/wp\/v2\/media?parent=1420"}],"curies":[{"name":"wp","href":"https:\/\/api.w.org\/{rel}","templated":true}]}}